{"id":9231,"date":"2019-03-02T10:19:03","date_gmt":"2019-03-02T15:19:03","guid":{"rendered":"https:\/\/atlasbarz.ca\/?page_id=9231"},"modified":"2020-12-01T17:57:54","modified_gmt":"2020-12-01T22:57:54","slug":"guide-de-conception-amenagement-exerciseurs-en-plein-air","status":"publish","type":"page","link":"https:\/\/atlasbarz.ca\/en\/guide-de-conception-amenagement-exerciseurs-en-plein-air\/","title":{"rendered":"Design Guide &#8211; Park Exercise Equipment"},"content":{"rendered":"<section  class=\"section full-width padding_t_60  vc_custom_1544386124617\"><div class=\"container\"><div class=\"row vc_row-fluid\"><div class=\"wpb_column col-md-12 align-center wow fadeInUp no-padding\"><div  class=\"align-center\"><h2 class=\"margin_b_0\">Discover how to create an stimulating fitness outdoor park adapted to your citizens<\/h2><\/div><\/div><\/div><\/div><\/section><section  class=\"section full-width  vc_custom_1544386665214\"><div class=\"container\"><div class=\"row vc_row-fluid\"><div class=\"wpb_column col-md-6 align-left no-padding\"><div  class=\"clear rs-space\" style=\"height:85px;\"><\/div><div class=\"section-text text-block small-p custom-font-text-1777433513-176437421 align-left\"  data-when=\"enter\" data-from=\"0\" data-to=\"0\" data-opacity=\"0\"><h4 style=\"text-align: left\">Learn all the essential information for a successful development of park exercise equipment and modules for your city (French version only available)<\/h4>\n<\/div><ul  class=\"checklist style-check icon-\"><li>Why install a adult playground equipments? <\/li><li> What are the benefits? <\/li><li> How to guarantee the success of your active trail? <\/li><li> What types of park exercisers are possible? <\/li><li> What is your target audience?<\/li><\/ul><div class=\"section-text text-block custom-font-text-1777433513-1780963903 \"  data-when=\"enter\" data-from=\"0\" data-to=\"0\" data-opacity=\"0\"><hr \/>\n<\/div><a  class=\"button style1 btn-custom-1777433513-76273762 align-center small-margin fill-frm-top style1  btn-large btn-round color-white\" href=\"https:\/\/atlasbarz.ca\/download\/9241\/\" title=\"\" target=\"_blank\"> <i class=\"fa fa-arrow-right icon-before\"><\/i><span>Download our guide (IN FRENCH ONLY)<\/span><\/a><\/div><div class=\"wpb_column col-md-6 align-center wow slideInRight have-padding\"><a href=\"https:\/\/atlasbarz.ca\/download\/9241\/\"><img loading=\"lazy\" decoding=\"async\"  class=\"align-center\"  src=\"https:\/\/atlasbarz.ca\/wp-content\/uploads\/2019\/03\/Page-Couverture-Guide-de-conception-Am\u00e9nagement-exerciseurs-en-plein-air-Pour-villes-et-municipalit\u00e9s-du-Qu\u00e9bec.jpg\"  width=\"502\" height=\"600\" alt=\"Page Couverture Guide de conception Am\u00e9nagement exerciseurs en plein air Pour villes et municipalit\u00e9s du Qu\u00e9bec Design Guide   Park Exercise Equipment\"  title=\"Design Guide   Park Exercise Equipment\" \/><\/a><\/div><\/div><\/div><\/section><section  class=\"section padding_t_40 padding_b_60\"><div class=\"row vc_row-fluid\"><div class=\"wpb_column col-md-12 align-center have-padding\"><div class=\"section-text text-block custom-font-text-1777433513-1987498651 \"  id=\"newsletter-textbox\" data-when=\"enter\" data-from=\"0\" data-to=\"0\" data-opacity=\"0\"><h2>Sign up to be the first informed of our news and promotions!<\/h2>\n<p>&nbsp;<\/p>\n<div class=\"widget_wysija_cont shortcode_wysija\"><div id=\"msg-form-wysija-shortcode69f17ba947915-5\" class=\"wysija-msg ajax\"><\/div><form id=\"form-wysija-shortcode69f17ba947915-5\" method=\"post\" action=\"#wysija\" class=\"widget_wysija shortcode_wysija\">\n<p class=\"wysija-paragraph\">\n    \n    \n    \t<input type=\"text\" name=\"wysija[user][email]\" class=\"wysija-input validate[required,custom[email]]\" title=\"Email\" placeholder=\"Email\" value=\"\" \/>\n    \n    \n    \n    <span class=\"abs-req\">\n        <input type=\"text\" name=\"wysija[user][abs][email]\" class=\"wysija-input validated[abs][email]\" value=\"\" \/>\n    <\/span>\n    \n<\/p>\n<p class=\"wysija-paragraph\">\n\t\n\t<input type=\"hidden\" name=\"wysija[field][cf_1]\" value=\"0\" \/>\n    \n    \t<label class=\"wysija-checkbox-label\"><input type=\"checkbox\" class=\"wysija-checkbox validate[required]\" name=\"wysija[field][cf_1]\" value=\"1\"  \/>I would like to receive the AtlasBarz newsletter<\/label>\n    \n<\/p>\n\r\n<input class=\"wysija-submit wysija-submit-field\" type=\"submit\" value=\"Subscribe!\" \/>\n\n    <input type=\"hidden\" name=\"form_id\" value=\"5\" \/>\n    <input type=\"hidden\" name=\"action\" value=\"save\" \/>\n    <input type=\"hidden\" name=\"controller\" value=\"subscribers\" \/>\n    <input type=\"hidden\" value=\"1\" name=\"wysija-page\" \/>\n\n    \n        <input type=\"hidden\" name=\"wysija[user_list][list_ids]\" value=\"6\" \/>\n    \n <\/form><\/div>\n<\/div><\/div><\/div><\/section>\n","protected":false},"excerpt":{"rendered":"Discover how to create an stimulating fitness outdoor park adapted to your citizensLearn all the essential information for a successful development of park exercise equipment and modules for your city (French version only available) Why install a adult playground equipments? What are the benefits? How to guarantee the success of your active trail? What types","protected":false},"author":1,"featured_media":9246,"parent":0,"menu_order":0,"comment_status":"closed","ping_status":"closed","template":"","meta":{"footnotes":""},"class_list":["post-9231","page","type-page","status-publish","has-post-thumbnail","hentry"],"_links":{"self":[{"href":"https:\/\/atlasbarz.ca\/en\/wp-json\/wp\/v2\/pages\/9231","targetHints":{"allow":["GET"]}}],"collection":[{"href":"https:\/\/atlasbarz.ca\/en\/wp-json\/wp\/v2\/pages"}],"about":[{"href":"https:\/\/atlasbarz.ca\/en\/wp-json\/wp\/v2\/types\/page"}],"author":[{"embeddable":true,"href":"https:\/\/atlasbarz.ca\/en\/wp-json\/wp\/v2\/users\/1"}],"replies":[{"embeddable":true,"href":"https:\/\/atlasbarz.ca\/en\/wp-json\/wp\/v2\/comments?post=9231"}],"version-history":[{"count":20,"href":"https:\/\/atlasbarz.ca\/en\/wp-json\/wp\/v2\/pages\/9231\/revisions"}],"predecessor-version":[{"id":11525,"href":"https:\/\/atlasbarz.ca\/en\/wp-json\/wp\/v2\/pages\/9231\/revisions\/11525"}],"wp:featuredmedia":[{"embeddable":true,"href":"https:\/\/atlasbarz.ca\/en\/wp-json\/wp\/v2\/media\/9246"}],"wp:attachment":[{"href":"https:\/\/atlasbarz.ca\/en\/wp-json\/wp\/v2\/media?parent=9231"}],"curies":[{"name":"wp","href":"https:\/\/api.w.org\/{rel}","templated":true}]}}