{"id":9005,"date":"2019-01-07T13:23:32","date_gmt":"2019-01-07T18:23:32","guid":{"rendered":"https:\/\/atlasbarz.ca\/?page_id=9005"},"modified":"2020-01-13T16:29:17","modified_gmt":"2020-01-13T21:29:17","slug":"blog","status":"publish","type":"page","link":"https:\/\/atlasbarz.ca\/en\/blog\/","title":{"rendered":"Blog"},"content":{"rendered":"<section  class=\"section\"><div class=\"row vc_row-fluid\"><div class=\"wpb_column col-md-12 have-padding\"><h2 class=\"margin_b_50\">Whether for training advice or for your active trail design, our blog articles will inform you<\/h2><div class=\"container\"><div class=\"row\"><div class=\"sc-isotope isotope-masonry\"><div class=\"masonry-column col-lg-1 col-md-1 col-sm-1\"><\/div>        <div class=\"col-lg-4 col-md-4 col-sm-4 isotope-item\">\r\n          <article class=\"sc-blog-post blog-post blog-post-masonry\">\r\n            <div class=\"blog-post-inner\">\r\n                              <header class=\"post-header\">\r\n                  <a href=\"https:\/\/atlasbarz.ca\/en\/collecteur-a-rebuts-exterieur\/\" target=\"_blank\">\r\n                    <img loading=\"lazy\" decoding=\"async\" width=\"900\" height=\"600\" src=\"https:\/\/atlasbarz.ca\/wp-content\/uploads\/2020\/09\/collecteur-duo-atlasbarz-2020-1-900x600.jpg\" class=\"attachment-ts-big-alt-7 size-ts-big-alt-7 wp-post-image\" alt=\"collecteur duo atlasbarz 2020 1 900x600 (Fran\u00e7ais) \u00c9quipement d\u2019entra\u00eenement statique (fixe) ou appareil d\u2019exercice dynamique (mobile)?\"  title=\"(Fran\u00e7ais) \u00c9quipement d\u2019entra\u00eenement statique (fixe) ou appareil d\u2019exercice dynamique (mobile)?\" \/>                  <\/a>\r\n                <\/header>\r\n                            <section class=\"post-content\">\r\n                                <h4 class=\"post-title\"><a  href=\"https:\/\/atlasbarz.ca\/en\/collecteur-a-rebuts-exterieur\/\">What to look for in an outdoor trash can<\/a><\/h4>\r\n                <div class=\"post-excerpt\" ><\/div>\r\n              <\/section>\r\n            <\/div>\r\n          <\/article>\r\n        <\/div>\r\n              <div class=\"col-lg-4 col-md-4 col-sm-4 isotope-item\">\r\n          <article class=\"sc-blog-post blog-post blog-post-masonry\">\r\n            <div class=\"blog-post-inner\">\r\n                              <header class=\"post-header\">\r\n                  <a href=\"https:\/\/atlasbarz.ca\/en\/les-4-incontournables-de-la-callisthenie\/\" target=\"_blank\">\r\n                    <img loading=\"lazy\" decoding=\"async\" width=\"900\" height=\"600\" src=\"https:\/\/atlasbarz.ca\/wp-content\/uploads\/app\/Parcs\/Roxton-Pond\/roxton-pond-atlasbarz-entrainement-900x600.jpg\" class=\"attachment-ts-big-alt-7 size-ts-big-alt-7 wp-post-image\" alt=\"roxton pond atlasbarz entrainement 900x600 (Fran\u00e7ais) \u00c9quipement d\u2019entra\u00eenement statique (fixe) ou appareil d\u2019exercice dynamique (mobile)?\"  title=\"(Fran\u00e7ais) \u00c9quipement d\u2019entra\u00eenement statique (fixe) ou appareil d\u2019exercice dynamique (mobile)?\" \/>                  <\/a>\r\n                <\/header>\r\n                            <section class=\"post-content\">\r\n                                <h4 class=\"post-title\"><a  href=\"https:\/\/atlasbarz.ca\/en\/les-4-incontournables-de-la-callisthenie\/\">What is calisthenics?<\/a><\/h4>\r\n                <div class=\"post-excerpt\" ><\/div>\r\n              <\/section>\r\n            <\/div>\r\n          <\/article>\r\n        <\/div>\r\n              <div class=\"col-lg-4 col-md-4 col-sm-4 isotope-item\">\r\n          <article class=\"sc-blog-post blog-post blog-post-masonry\">\r\n            <div class=\"blog-post-inner\">\r\n                              <header class=\"post-header\">\r\n                  <a href=\"https:\/\/atlasbarz.ca\/en\/4-activites-amusantes-a-faire-avec-vos-amis-cet-automne-au-quebec\/\" target=\"_blank\">\r\n                    <img loading=\"lazy\" decoding=\"async\" width=\"900\" height=\"600\" src=\"https:\/\/atlasbarz.ca\/wp-content\/uploads\/2020\/11\/Pull-up-bar-atlasbarz-1000x750-1-900x600.jpg\" class=\"attachment-ts-big-alt-7 size-ts-big-alt-7 wp-post-image\" alt=\"Pull up bar atlasbarz 1000x750 1 900x600 (Fran\u00e7ais) \u00c9quipement d\u2019entra\u00eenement statique (fixe) ou appareil d\u2019exercice dynamique (mobile)?\"  title=\"(Fran\u00e7ais) \u00c9quipement d\u2019entra\u00eenement statique (fixe) ou appareil d\u2019exercice dynamique (mobile)?\" \/>                  <\/a>\r\n                <\/header>\r\n                            <section class=\"post-content\">\r\n                                <h4 class=\"post-title\"><a  href=\"https:\/\/atlasbarz.ca\/en\/4-activites-amusantes-a-faire-avec-vos-amis-cet-automne-au-quebec\/\">4 fun activities to do with your friends this Fall in Qu\u00e9bec<\/a><\/h4>\r\n                <div class=\"post-excerpt\" ><\/div>\r\n              <\/section>\r\n            <\/div>\r\n          <\/article>\r\n        <\/div>\r\n              <div class=\"col-lg-4 col-md-4 col-sm-4 isotope-item\">\r\n          <article class=\"sc-blog-post blog-post blog-post-masonry\">\r\n            <div class=\"blog-post-inner\">\r\n                              <header class=\"post-header\">\r\n                  <a href=\"https:\/\/atlasbarz.ca\/en\/what-is-calisthenics\/\" target=\"_blank\">\r\n                    <img loading=\"lazy\" decoding=\"async\" width=\"900\" height=\"600\" src=\"https:\/\/atlasbarz.ca\/wp-content\/uploads\/2018\/04\/barre-de-traction-prise-neutre-atlasbarz-900x600.jpg\" class=\"attachment-ts-big-alt-7 size-ts-big-alt-7 wp-post-image\" alt=\"barre de traction prise neutre atlasbarz 900x600 (Fran\u00e7ais) \u00c9quipement d\u2019entra\u00eenement statique (fixe) ou appareil d\u2019exercice dynamique (mobile)?\"  title=\"(Fran\u00e7ais) \u00c9quipement d\u2019entra\u00eenement statique (fixe) ou appareil d\u2019exercice dynamique (mobile)?\" \/>                  <\/a>\r\n                <\/header>\r\n                            <section class=\"post-content\">\r\n                                <h4 class=\"post-title\"><a  href=\"https:\/\/atlasbarz.ca\/en\/what-is-calisthenics\/\">What is calisthenics?<\/a><\/h4>\r\n                <div class=\"post-excerpt\" ><\/div>\r\n              <\/section>\r\n            <\/div>\r\n          <\/article>\r\n        <\/div>\r\n              <div class=\"col-lg-4 col-md-4 col-sm-4 isotope-item\">\r\n          <article class=\"sc-blog-post blog-post blog-post-masonry\">\r\n            <div class=\"blog-post-inner\">\r\n                              <header class=\"post-header\">\r\n                  <a href=\"https:\/\/atlasbarz.ca\/en\/comment-bien-choisir-lemplacement-dun-parcours-actif\/\" target=\"_blank\">\r\n                    <img loading=\"lazy\" decoding=\"async\" width=\"900\" height=\"600\" src=\"https:\/\/atlasbarz.ca\/wp-content\/uploads\/2021\/05\/entrainement-urbain-exterieur-1000x750-1-900x600.jpg\" class=\"attachment-ts-big-alt-7 size-ts-big-alt-7 wp-post-image\" alt=\"entrainement urbain exterieur 1000x750 1 900x600 (Fran\u00e7ais) \u00c9quipement d\u2019entra\u00eenement statique (fixe) ou appareil d\u2019exercice dynamique (mobile)?\"  title=\"(Fran\u00e7ais) \u00c9quipement d\u2019entra\u00eenement statique (fixe) ou appareil d\u2019exercice dynamique (mobile)?\" \/>                  <\/a>\r\n                <\/header>\r\n                            <section class=\"post-content\">\r\n                                <h4 class=\"post-title\"><a  href=\"https:\/\/atlasbarz.ca\/en\/comment-bien-choisir-lemplacement-dun-parcours-actif\/\">(Fran\u00e7ais) Comment bien choisir l&#8217;emplacement d&#8217;un parcours actif?<\/a><\/h4>\r\n                <div class=\"post-excerpt\" ><\/div>\r\n              <\/section>\r\n            <\/div>\r\n          <\/article>\r\n        <\/div>\r\n              <div class=\"col-lg-4 col-md-4 col-sm-4 isotope-item\">\r\n          <article class=\"sc-blog-post blog-post blog-post-masonry\">\r\n            <div class=\"blog-post-inner\">\r\n                              <header class=\"post-header\">\r\n                  <a href=\"https:\/\/atlasbarz.ca\/en\/3-bienfaits-douvrir-une-porte-avec-son-pied-ezstep\/\" target=\"_blank\">\r\n                    <img loading=\"lazy\" decoding=\"async\" width=\"900\" height=\"600\" src=\"https:\/\/atlasbarz.ca\/wp-content\/uploads\/2020\/05\/Ezstep-atlasbarz-2020-2000-900x600.jpg\" class=\"attachment-ts-big-alt-7 size-ts-big-alt-7 wp-post-image\" alt=\"Ezstep atlasbarz 2020 2000 900x600 (Fran\u00e7ais) \u00c9quipement d\u2019entra\u00eenement statique (fixe) ou appareil d\u2019exercice dynamique (mobile)?\" srcset=\"https:\/\/atlasbarz.ca\/wp-content\/uploads\/2020\/05\/Ezstep-atlasbarz-2020-2000-900x600.jpg 900w, https:\/\/atlasbarz.ca\/wp-content\/uploads\/2020\/05\/Ezstep-atlasbarz-2020-2000-300x200.jpg 300w, https:\/\/atlasbarz.ca\/wp-content\/uploads\/2020\/05\/Ezstep-atlasbarz-2020-2000-1024x683.jpg 1024w, https:\/\/atlasbarz.ca\/wp-content\/uploads\/2020\/05\/Ezstep-atlasbarz-2020-2000.jpg 2000w\" sizes=\"auto, (max-width: 900px) 100vw, 900px\" title=\"(Fran\u00e7ais) \u00c9quipement d\u2019entra\u00eenement statique (fixe) ou appareil d\u2019exercice dynamique (mobile)?\" \/>                  <\/a>\r\n                <\/header>\r\n                            <section class=\"post-content\">\r\n                                <h4 class=\"post-title\"><a  href=\"https:\/\/atlasbarz.ca\/en\/3-bienfaits-douvrir-une-porte-avec-son-pied-ezstep\/\">(Fran\u00e7ais) 3 Bienfaits d\u2019ouvrir une porte avec son pied (Ezstep)<\/a><\/h4>\r\n                <div class=\"post-excerpt\" ><\/div>\r\n              <\/section>\r\n            <\/div>\r\n          <\/article>\r\n        <\/div>\r\n              <div class=\"col-lg-4 col-md-4 col-sm-4 isotope-item\">\r\n          <article class=\"sc-blog-post blog-post blog-post-masonry\">\r\n            <div class=\"blog-post-inner\">\r\n                              <header class=\"post-header\">\r\n                  <a href=\"https:\/\/atlasbarz.ca\/en\/la-planification-de-son-parcours-actif\/\" target=\"_blank\">\r\n                    <img loading=\"lazy\" decoding=\"async\" width=\"900\" height=\"600\" src=\"https:\/\/atlasbarz.ca\/wp-content\/uploads\/2017\/11\/Chambly-atlasbarz-entrainement-urbain-11-900x600.jpg\" class=\"attachment-ts-big-alt-7 size-ts-big-alt-7 wp-post-image\" alt=\"Chambly atlasbarz entrainement urbain 11 900x600 (Fran\u00e7ais) \u00c9quipement d\u2019entra\u00eenement statique (fixe) ou appareil d\u2019exercice dynamique (mobile)?\"  title=\"(Fran\u00e7ais) \u00c9quipement d\u2019entra\u00eenement statique (fixe) ou appareil d\u2019exercice dynamique (mobile)?\" \/>                  <\/a>\r\n                <\/header>\r\n                            <section class=\"post-content\">\r\n                                <h4 class=\"post-title\"><a  href=\"https:\/\/atlasbarz.ca\/en\/la-planification-de-son-parcours-actif\/\">(Fran\u00e7ais) La planification de son parcours actif<\/a><\/h4>\r\n                <div class=\"post-excerpt\" ><\/div>\r\n              <\/section>\r\n            <\/div>\r\n          <\/article>\r\n        <\/div>\r\n              <div class=\"col-lg-4 col-md-4 col-sm-4 isotope-item\">\r\n          <article class=\"sc-blog-post blog-post blog-post-masonry\">\r\n            <div class=\"blog-post-inner\">\r\n                              <header class=\"post-header\">\r\n                  <a href=\"https:\/\/atlasbarz.ca\/en\/amenagement-actif-exterieur-compact-ou-sous-forme-de-parcours\/\" target=\"_blank\">\r\n                    <img loading=\"lazy\" decoding=\"async\" width=\"900\" height=\"600\" src=\"https:\/\/atlasbarz.ca\/wp-content\/uploads\/2019\/08\/am\u00e9nagement-actif-ext\u00e9rieur-compact-ou-parcours-atlasbarz-900x600.jpg\" class=\"attachment-ts-big-alt-7 size-ts-big-alt-7 wp-post-image\" alt=\"am\u00e9nagement actif ext\u00e9rieur compact ou parcours atlasbarz 900x600 (Fran\u00e7ais) \u00c9quipement d\u2019entra\u00eenement statique (fixe) ou appareil d\u2019exercice dynamique (mobile)?\"  title=\"(Fran\u00e7ais) \u00c9quipement d\u2019entra\u00eenement statique (fixe) ou appareil d\u2019exercice dynamique (mobile)?\" \/>                  <\/a>\r\n                <\/header>\r\n                            <section class=\"post-content\">\r\n                                <h4 class=\"post-title\"><a  href=\"https:\/\/atlasbarz.ca\/en\/amenagement-actif-exterieur-compact-ou-sous-forme-de-parcours\/\">Active outdoor trail or compact development?<\/a><\/h4>\r\n                <div class=\"post-excerpt\" ><\/div>\r\n              <\/section>\r\n            <\/div>\r\n          <\/article>\r\n        <\/div>\r\n              <div class=\"col-lg-4 col-md-4 col-sm-4 isotope-item\">\r\n          <article class=\"sc-blog-post blog-post blog-post-masonry\">\r\n            <div class=\"blog-post-inner\">\r\n                              <header class=\"post-header\">\r\n                  <a href=\"https:\/\/atlasbarz.ca\/en\/garantir-le-succes-de-votre-amenagement-actif\/\" target=\"_blank\">\r\n                    <img loading=\"lazy\" decoding=\"async\" width=\"900\" height=\"576\" src=\"https:\/\/atlasbarz.ca\/wp-content\/uploads\/2018\/10\/Inauguration-Parc-Albini-Gemme-AtlasBarz-900x576.jpg\" class=\"attachment-ts-big-alt-7 size-ts-big-alt-7 wp-post-image\" alt=\"Inauguration Parc Albini Gemme AtlasBarz 900x576 (Fran\u00e7ais) \u00c9quipement d\u2019entra\u00eenement statique (fixe) ou appareil d\u2019exercice dynamique (mobile)?\"  title=\"(Fran\u00e7ais) \u00c9quipement d\u2019entra\u00eenement statique (fixe) ou appareil d\u2019exercice dynamique (mobile)?\" \/>                  <\/a>\r\n                <\/header>\r\n                            <section class=\"post-content\">\r\n                                <h4 class=\"post-title\"><a  href=\"https:\/\/atlasbarz.ca\/en\/garantir-le-succes-de-votre-amenagement-actif\/\">(Fran\u00e7ais) Garantir le succ\u00e8s de votre am\u00e9nagement actif<\/a><\/h4>\r\n                <div class=\"post-excerpt\" ><\/div>\r\n              <\/section>\r\n            <\/div>\r\n          <\/article>\r\n        <\/div>\r\n              <div class=\"col-lg-4 col-md-4 col-sm-4 isotope-item\">\r\n          <article class=\"sc-blog-post blog-post blog-post-masonry\">\r\n            <div class=\"blog-post-inner\">\r\n                              <header class=\"post-header\">\r\n                  <a href=\"https:\/\/atlasbarz.ca\/en\/equipement-fixe-vs-mobile\/\" target=\"_blank\">\r\n                    <img loading=\"lazy\" decoding=\"async\" width=\"900\" height=\"600\" src=\"https:\/\/atlasbarz.ca\/wp-content\/uploads\/2019\/07\/exerciseur-mobile-parc-entrainement-exterieur-plein-air-1-900x600.jpg\" class=\"attachment-ts-big-alt-7 size-ts-big-alt-7 wp-post-image\" alt=\"exerciseur mobile parc entrainement exterieur plein air 1 900x600 (Fran\u00e7ais) \u00c9quipement d\u2019entra\u00eenement statique (fixe) ou appareil d\u2019exercice dynamique (mobile)?\"  title=\"(Fran\u00e7ais) \u00c9quipement d\u2019entra\u00eenement statique (fixe) ou appareil d\u2019exercice dynamique (mobile)?\" \/>                  <\/a>\r\n                <\/header>\r\n                            <section class=\"post-content\">\r\n                                <h4 class=\"post-title\"><a  href=\"https:\/\/atlasbarz.ca\/en\/equipement-fixe-vs-mobile\/\">(Fran\u00e7ais) \u00c9quipement d\u2019entra\u00eenement statique (fixe) ou appareil d\u2019exercice dynamique (mobile)?<\/a><\/h4>\r\n                <div class=\"post-excerpt\" ><\/div>\r\n              <\/section>\r\n            <\/div>\r\n          <\/article>\r\n        <\/div>\r\n      <\/div><\/div><\/div><\/div><\/div><\/section>\n","protected":false},"excerpt":{"rendered":"","protected":false},"author":1,"featured_media":0,"parent":0,"menu_order":0,"comment_status":"closed","ping_status":"closed","template":"","meta":{"footnotes":""},"class_list":["post-9005","page","type-page","status-publish","hentry"],"_links":{"self":[{"href":"https:\/\/atlasbarz.ca\/en\/wp-json\/wp\/v2\/pages\/9005","targetHints":{"allow":["GET"]}}],"collection":[{"href":"https:\/\/atlasbarz.ca\/en\/wp-json\/wp\/v2\/pages"}],"about":[{"href":"https:\/\/atlasbarz.ca\/en\/wp-json\/wp\/v2\/types\/page"}],"author":[{"embeddable":true,"href":"https:\/\/atlasbarz.ca\/en\/wp-json\/wp\/v2\/users\/1"}],"replies":[{"embeddable":true,"href":"https:\/\/atlasbarz.ca\/en\/wp-json\/wp\/v2\/comments?post=9005"}],"version-history":[{"count":50,"href":"https:\/\/atlasbarz.ca\/en\/wp-json\/wp\/v2\/pages\/9005\/revisions"}],"predecessor-version":[{"id":10122,"href":"https:\/\/atlasbarz.ca\/en\/wp-json\/wp\/v2\/pages\/9005\/revisions\/10122"}],"wp:attachment":[{"href":"https:\/\/atlasbarz.ca\/en\/wp-json\/wp\/v2\/media?parent=9005"}],"curies":[{"name":"wp","href":"https:\/\/api.w.org\/{rel}","templated":true}]}}