{"id":7717,"date":"2018-09-21T14:04:30","date_gmt":"2018-09-21T18:04:30","guid":{"rendered":"https:\/\/atlasbarz.ca\/?page_id=7717"},"modified":"2018-11-04T15:28:44","modified_gmt":"2018-11-04T20:28:44","slug":"classe-de-mise-en-forme-en-plein-air-ecole-du-boise-sept-iles","status":"publish","type":"page","link":"https:\/\/atlasbarz.ca\/en\/classe-de-mise-en-forme-en-plein-air-ecole-du-boise-sept-iles\/","title":{"rendered":"Outdoor Fitness Class &#8211; \u00c9cole du Bois\u00e9, Sept-\u00celes"},"content":{"rendered":"<section  class=\"section margin_t_60\"><div class=\"row vc_row-fluid\"><div class=\"wpb_column col-md-12 have-padding\"><div class=\"section-text text-block custom-font-text-1776871789-469692438 \"  data-when=\"enter\" data-from=\"0\" data-to=\"0\" data-opacity=\"0\"><h1>Outdoor fitness class,<br \/>\nElementary school at Sept-\u00celes<\/h1>\n<h2>Installation of our first ABZ-01 Module MINI adapted specifically for elementary school students! This outdoor gym makes the happiness of the young and old!<\/h2>\n<\/div><\/div><\/div><\/section><section  class=\"section\"><div class=\"row vc_row-fluid\"><div class=\"wpb_column col-md-12 have-padding\"><div  class=\"slider-gallery\"><div  class=\"post-gallery flexslider\"><ul class=\"slides\"><li><img decoding=\"async\" src=\"https:\/\/atlasbarz.ca\/wp-content\/uploads\/2018\/09\/module-enfant-atlasbarz-1000x750.jpg\" alt=\"module enfant atlasbarz 1000x750 Patrick\"  title=\"Patrick\" \/><\/li><li><img decoding=\"async\" src=\"https:\/\/atlasbarz.ca\/wp-content\/uploads\/2018\/09\/atlasbarz-sept-iles.jpg\" alt=\"atlasbarz sept iles Patrick\"  title=\"Patrick\" \/><\/li><li><img decoding=\"async\" src=\"https:\/\/atlasbarz.ca\/wp-content\/uploads\/2018\/09\/Atlasbarz-gym-exterieur.jpg\" alt=\"Atlasbarz gym exterieur Patrick\"  title=\"Patrick\" \/><\/li><li><img decoding=\"async\" src=\"https:\/\/atlasbarz.ca\/wp-content\/uploads\/2018\/09\/prise-marteau-pull-up-atlasbarz.jpg\" alt=\"prise marteau pull up atlasbarz Patrick\"  title=\"Patrick\" \/><\/li><\/ul><\/div><div class=\"slider-thumbs\"><ul><li><img decoding=\"async\" src=\"https:\/\/atlasbarz.ca\/wp-content\/uploads\/2018\/09\/module-enfant-atlasbarz-1000x750.jpg\" alt=\"module enfant atlasbarz 1000x750 Patrick\"  title=\"Patrick\" \/><div class=\"thumb-hover\"><a href=\"https:\/\/atlasbarz.ca\/wp-content\/uploads\/2018\/09\/module-enfant-atlasbarz-1000x750.jpg\" data-gal=\"prettyPhoto\" class=\"portfolio-hover-button zoom-icon\">Zoom<\/a><\/div><\/li><li><img decoding=\"async\" src=\"https:\/\/atlasbarz.ca\/wp-content\/uploads\/2018\/09\/atlasbarz-sept-iles.jpg\" alt=\"atlasbarz sept iles Patrick\"  title=\"Patrick\" \/><div class=\"thumb-hover\"><a href=\"https:\/\/atlasbarz.ca\/wp-content\/uploads\/2018\/09\/atlasbarz-sept-iles.jpg\" data-gal=\"prettyPhoto\" class=\"portfolio-hover-button zoom-icon\">Zoom<\/a><\/div><\/li><li><img decoding=\"async\" src=\"https:\/\/atlasbarz.ca\/wp-content\/uploads\/2018\/09\/Atlasbarz-gym-exterieur.jpg\" alt=\"Atlasbarz gym exterieur Patrick\"  title=\"Patrick\" \/><div class=\"thumb-hover\"><a href=\"https:\/\/atlasbarz.ca\/wp-content\/uploads\/2018\/09\/Atlasbarz-gym-exterieur.jpg\" data-gal=\"prettyPhoto\" class=\"portfolio-hover-button zoom-icon\">Zoom<\/a><\/div><\/li><li><img decoding=\"async\" src=\"https:\/\/atlasbarz.ca\/wp-content\/uploads\/2018\/09\/prise-marteau-pull-up-atlasbarz.jpg\" alt=\"prise marteau pull up atlasbarz Patrick\"  title=\"Patrick\" \/><div class=\"thumb-hover\"><a href=\"https:\/\/atlasbarz.ca\/wp-content\/uploads\/2018\/09\/prise-marteau-pull-up-atlasbarz.jpg\" data-gal=\"prettyPhoto\" class=\"portfolio-hover-button zoom-icon\">Zoom<\/a><\/div><\/li><\/ul><\/div><\/div><\/div><\/div><\/section><section  class=\"section\"><div class=\"row vc_row-fluid\"><div class=\"wpb_column col-md-4 wow fadeIn no-padding\"><ul  class=\"checklist style-arrow icon-bg-dark-gray\"><li>More than 8 students can enjoy the facilities simultaneously<\/li><\/ul><\/div><div class=\"wpb_column col-md-4 align-left wow fadeIn no-padding\"><ul  class=\"checklist style-arrow icon-bg-dark-gray\"><li>An astronomical amount of exercises and movements achievable with this structure<\/li><\/ul><\/div><div class=\"wpb_column col-md-4 wow fadeIn have-padding\"><ul  class=\"checklist style-arrow icon-bg-dark-gray\"><li>The workout fitness park is accessible since August 2018<\/li><\/ul><\/div><\/div><\/section><section  class=\"section\"><div class=\"row vc_row-fluid\"><div class=\"wpb_column col-md-6 no-padding\"><div class=\"section-text text-block custom-font-text-1776871789-429127985 \"  data-when=\"enter\" data-from=\"0\" data-to=\"0\" data-opacity=\"0\"><h3>A supplement to physical education classes<\/h3>\n<p>We have been mandated by the primary school to design and deliver an additional outside sports equipment for physical education classes. In order\u00a0to achieve this mission, we studied different statistics according to the youth to adapt our <a href=\"https:\/\/atlasbarz.ca\/station-dexercice-abz-01\/\">ABZ-01 module<\/a>. Thus, students can now learn urban training, be initiated to obstacle training or gymnastics at any time right outside their school!<\/p>\n<p>Genuine outdoor fitness class, our ABZ-01 MINI module is located at the \u00c9cole du Bois\u00e9 of the\u00a0<a class=\"profileLink\" href=\"https:\/\/www.facebook.com\/Commission-scolaire-du-Fer-760112104064270\/?fref=tag\" data-hovercard=\"\/ajax\/hovercard\/page.php?id=760112104064270&amp;extragetparams=%7B%22fref%22%3A%22tag%22%7D\" data-hovercard-prefer-more-content-show=\"1\">Commission scolaire du Fer<\/a>\u00a0near\u00a0<a class=\"profileLink\" href=\"https:\/\/www.facebook.com\/cegepdeseptiles\/?fref=tag\" data-hovercard=\"\/ajax\/hovercard\/page.php?id=116120588451483&amp;extragetparams=%7B%22fref%22%3A%22tag%22%7D\" data-hovercard-prefer-more-content-show=\"1\">C\u00e9gep de Sept-\u00celes<\/a>.<\/p>\n<\/div><\/div><div class=\"wpb_column col-md-6 align-left wow fadeIn no-padding\"><div  class=\"clear rs-space\" style=\"height:81px;\"><\/div>[rev_slider_vc alias=&#8221;sept-iles-video&#8221;]<\/div><\/div><\/section><section  class=\"section padding_t_40\"><div class=\"row vc_row-fluid\"><div class=\"wpb_column col-md-6 wow fadeIn no-padding\"><ul  class=\"grid-gallery\"><li><a data-gal=\"prettyPhoto[gallery1]\" href=\"https:\/\/atlasbarz.ca\/wp-content\/uploads\/2018\/09\/\u00e9cole-du-bois\u00e9-sept-iles-atlasbarz.jpg\"><img decoding=\"async\" src=\"https:\/\/atlasbarz.ca\/wp-content\/uploads\/2018\/09\/\u00e9cole-du-bois\u00e9-sept-iles-atlasbarz.jpg\" alt=\"\u00e9cole du bois\u00e9 sept iles atlasbarz Patrick\"  title=\"Patrick\" \/><\/a><\/li><li><a data-gal=\"prettyPhoto[gallery1]\" href=\"https:\/\/atlasbarz.ca\/wp-content\/uploads\/2018\/09\/outdoor-fitness-atlasbarz.jpg\"><img decoding=\"async\" src=\"https:\/\/atlasbarz.ca\/wp-content\/uploads\/2018\/09\/outdoor-fitness-atlasbarz.jpg\" alt=\"outdoor fitness atlasbarz Patrick\"  title=\"Patrick\" \/><\/a><\/li><li><a data-gal=\"prettyPhoto[gallery1]\" href=\"https:\/\/atlasbarz.ca\/wp-content\/uploads\/2018\/09\/barre-inox-abz01.jpg\"><img decoding=\"async\" src=\"https:\/\/atlasbarz.ca\/wp-content\/uploads\/2018\/09\/barre-inox-abz01.jpg\" alt=\"barre inox abz01 Patrick\"  title=\"Patrick\" \/><\/a><\/li><\/ul><img decoding=\"async\"  class=\"\"  src=\"https:\/\/atlasbarz.ca\/wp-content\/uploads\/2018\/09\/Module-ABZ-01-MINI-installation.jpg\"  alt=\"Module ABZ 01 MINI installation Patrick\"  title=\"Patrick\" \/><\/div><div class=\"wpb_column col-md-6 align-left no-padding\"><div class=\"section-text text-block custom-font-text-1776871789-925801786 \"  data-when=\"enter\" data-from=\"0\" data-to=\"0\" data-opacity=\"0\"><h3>Some testimonials about the fitness module<\/h3>\n<\/div>      <div class=\"testimonial style-4\">\r\n                <div class=\"testimonial-content-alt\">\r\n          <p>&#8220;This module has become the main attraction in our yard. Both girls and boys are attracted by the bars, the rope and the great possibility of exercises offered by this module. Children spend energy, let off steam and even do bodybuilding without thinking about it. I suggest it to all schools since it is a <strong>GUARANTEED SUCCESS<\/strong>!&#8221;<\/p>\n          <div class=\"author-content\">\r\n            <span class=\"name\" >Christian Laflamme<\/span>\r\n            <span class=\"meta\" >Principal of \u00c9cole Du Bois\u00e9<\/span>\r\n          <\/div>\r\n        <\/div>\r\n              <\/div>\r\n          <div class=\"testimonial style-4\">\r\n                <div class=\"testimonial-content-alt\">\r\n          <p>&#8220;My teen loves to move and this arrangement allows him to spend his energy. Congratulations to all the team it&#8217;s really great quality! &#8220;<\/p>\n          <div class=\"author-content\">\r\n            <span class=\"name\" >Patrick<\/span>\r\n            <span class=\"meta\" >Parent<\/span>\r\n          <\/div>\r\n        <\/div>\r\n              <\/div>\r\n    <\/div><\/div><\/section><section  class=\"section\"><div class=\"row vc_row-fluid\"><div class=\"wpb_column col-md-12 wow fadeIn no-padding\"><div class=\"section-text text-block custom-font-text-1776871789-1467919936 \"  data-when=\"enter\" data-from=\"0\" data-to=\"0\" data-opacity=\"0\"><h2 style=\"text-align: center\">Discover our recent achievements<\/h2>\n<\/div><\/div><\/div><\/section><section  class=\"section products margin_b_60\"><div class=\"row vc_row-fluid\"><div class=\"wpb_column col-md-4 wow slideInLeft no-padding\"><a href=\"http:\/\/atlasbarz.ca\/entrainement-urbain-saint-hyacinthe\/\"><img decoding=\"async\"  class=\"\"  src=\"https:\/\/atlasbarz.ca\/wp-content\/uploads\/2016\/06\/Montage-Stehya-500x375.jpg\"  alt=\"Montage Stehya 500x375 Patrick\"  title=\"Patrick\" \/><\/a><div class=\"section-text text-block custom-font-text-1776871789-1238372812 \"  data-when=\"enter\" data-from=\"0\" data-to=\"0\" data-opacity=\"0\"><h5 style=\"text-align: center\"><strong>Outdoor training station<\/strong><br \/>\n<strong>Saint-Hyacinthe, 2016<\/strong><\/h5>\n<\/div><\/div><div class=\"wpb_column col-md-4 have-padding\"><a href=\"http:\/\/atlasbarz.ca\/exerciseurs-aines-danville-qc\/\"><img decoding=\"async\"  class=\"\"  src=\"https:\/\/atlasbarz.ca\/wp-content\/uploads\/2016\/06\/Montage-Danville-500x375.jpg\"  alt=\"Montage Danville 500x375 Patrick\"  title=\"Patrick\" \/><\/a><div class=\"section-text text-block custom-font-text-1776871789-519532871 \"  data-when=\"enter\" data-from=\"0\" data-to=\"0\" data-opacity=\"0\"><h5 style=\"text-align: center\"><strong>Exercisers for seniors<\/strong><br \/>\n<strong>Danville, 2017<\/strong><\/h5>\n<\/div><\/div><div class=\"wpb_column col-md-4 wow slideInRight have-padding\"><a href=\"http:\/\/atlasbarz.ca\/mobilier-urbain-novateur-durantaye\/\"><img decoding=\"async\"  class=\"\"  src=\"https:\/\/atlasbarz.ca\/wp-content\/uploads\/2016\/06\/Montage-La-durantaye-500x375.jpg\"  alt=\"Montage La durantaye 500x375 Patrick\"  title=\"Patrick\" \/><\/a><div class=\"section-text text-block custom-font-text-1776871789-967977503 \"  data-when=\"enter\" data-from=\"0\" data-to=\"0\" data-opacity=\"0\"><h5 style=\"text-align: center\"><strong>Innovative urban furniture<\/strong><br \/>\n<strong>La Durantaye, 2017<\/strong><\/h5>\n<\/div><\/div><\/div><\/section>\n","protected":false},"excerpt":{"rendered":"\"My teen loves to move and this arrangement allows him to spend his energy. Congratulations to all the team it's really great quality! \"","protected":false},"author":1,"featured_media":7735,"parent":0,"menu_order":0,"comment_status":"closed","ping_status":"closed","template":"","meta":{"footnotes":""},"class_list":["post-7717","page","type-page","status-publish","has-post-thumbnail","hentry"],"_links":{"self":[{"href":"https:\/\/atlasbarz.ca\/en\/wp-json\/wp\/v2\/pages\/7717","targetHints":{"allow":["GET"]}}],"collection":[{"href":"https:\/\/atlasbarz.ca\/en\/wp-json\/wp\/v2\/pages"}],"about":[{"href":"https:\/\/atlasbarz.ca\/en\/wp-json\/wp\/v2\/types\/page"}],"author":[{"embeddable":true,"href":"https:\/\/atlasbarz.ca\/en\/wp-json\/wp\/v2\/users\/1"}],"replies":[{"embeddable":true,"href":"https:\/\/atlasbarz.ca\/en\/wp-json\/wp\/v2\/comments?post=7717"}],"version-history":[{"count":35,"href":"https:\/\/atlasbarz.ca\/en\/wp-json\/wp\/v2\/pages\/7717\/revisions"}],"predecessor-version":[{"id":8509,"href":"https:\/\/atlasbarz.ca\/en\/wp-json\/wp\/v2\/pages\/7717\/revisions\/8509"}],"wp:featuredmedia":[{"embeddable":true,"href":"https:\/\/atlasbarz.ca\/en\/wp-json\/wp\/v2\/media\/7735"}],"wp:attachment":[{"href":"https:\/\/atlasbarz.ca\/en\/wp-json\/wp\/v2\/media?parent=7717"}],"curies":[{"name":"wp","href":"https:\/\/api.w.org\/{rel}","templated":true}]}}