{"id":6239,"date":"2017-11-15T10:02:51","date_gmt":"2017-11-15T15:02:51","guid":{"rendered":"http:\/\/atlasbarz.ca\/?page_id=6239"},"modified":"2020-11-05T12:41:55","modified_gmt":"2020-11-05T17:41:55","slug":"mobilier-urbain-novateur-durantaye","status":"publish","type":"page","link":"https:\/\/atlasbarz.ca\/en\/mobilier-urbain-novateur-durantaye\/","title":{"rendered":"Innovative Urban Furniture &#8211; La Durantaye"},"content":{"rendered":"<section  class=\"section margin_t_60\"><div class=\"row vc_row-fluid\"><div class=\"wpb_column col-md-12 have-padding\"><div class=\"section-text text-block custom-font-text-1775990051-77574871 \"  data-when=\"enter\" data-from=\"0\" data-to=\"0\" data-opacity=\"0\"><h1>Innovative urban furniture, La Durantaye<\/h1>\n<h2>Installation of urban benches and a multifunction bench with double-sided descriptive panel<\/h2>\n<\/div><\/div><\/div><\/section><section  class=\"section\"><div class=\"row vc_row-fluid\"><div class=\"wpb_column col-md-12 have-padding\"><div  class=\"slider-gallery\"><div  class=\"post-gallery flexslider\"><ul class=\"slides\"><li><img decoding=\"async\" src=\"https:\/\/atlasbarz.ca\/wp-content\/uploads\/2017\/11\/Banc-multifonction-La-Durantaye-AtlasBarz-1000x750.jpg\" alt=\"Banc multifonction La Durantaye AtlasBarz 1000x750 Innovative Urban Furniture   La Durantaye\"  title=\"Innovative Urban Furniture   La Durantaye\" \/><\/li><li><img decoding=\"async\" src=\"https:\/\/atlasbarz.ca\/wp-content\/uploads\/2017\/11\/Banc-urbain-ABZBENCH-02-AtlasBarz-1000x750-2.jpg\" alt=\"Banc urbain ABZBENCH 02 AtlasBarz 1000x750 2 Innovative Urban Furniture   La Durantaye\"  title=\"Innovative Urban Furniture   La Durantaye\" \/><\/li><li><img decoding=\"async\" src=\"https:\/\/atlasbarz.ca\/wp-content\/uploads\/2017\/11\/Banc-urbain-ABZBENCH-02-AtlasBarz-1000x750.jpg\" alt=\"Banc urbain ABZBENCH 02 AtlasBarz 1000x750 Innovative Urban Furniture   La Durantaye\"  title=\"Innovative Urban Furniture   La Durantaye\" \/><\/li><li><img decoding=\"async\" src=\"https:\/\/atlasbarz.ca\/wp-content\/uploads\/2017\/11\/La-Durantaye-r\u00e9alisation-atlasbarz-1000x750.jpg\" alt=\"La Durantaye r\u00e9alisation atlasbarz 1000x750 Innovative Urban Furniture   La Durantaye\"  title=\"Innovative Urban Furniture   La Durantaye\" \/><\/li><\/ul><\/div><div class=\"slider-thumbs\"><ul><li><img decoding=\"async\" src=\"https:\/\/atlasbarz.ca\/wp-content\/uploads\/2017\/11\/Banc-multifonction-La-Durantaye-AtlasBarz-1000x750.jpg\" alt=\"Banc multifonction La Durantaye AtlasBarz 1000x750 Innovative Urban Furniture   La Durantaye\"  title=\"Innovative Urban Furniture   La Durantaye\" \/><div class=\"thumb-hover\"><a href=\"https:\/\/atlasbarz.ca\/wp-content\/uploads\/2017\/11\/Banc-multifonction-La-Durantaye-AtlasBarz-1000x750.jpg\" data-gal=\"prettyPhoto\" class=\"portfolio-hover-button zoom-icon\">Zoom<\/a><\/div><\/li><li><img decoding=\"async\" src=\"https:\/\/atlasbarz.ca\/wp-content\/uploads\/2017\/11\/Banc-urbain-ABZBENCH-02-AtlasBarz-1000x750-2.jpg\" alt=\"Banc urbain ABZBENCH 02 AtlasBarz 1000x750 2 Innovative Urban Furniture   La Durantaye\"  title=\"Innovative Urban Furniture   La Durantaye\" \/><div class=\"thumb-hover\"><a href=\"https:\/\/atlasbarz.ca\/wp-content\/uploads\/2017\/11\/Banc-urbain-ABZBENCH-02-AtlasBarz-1000x750-2.jpg\" data-gal=\"prettyPhoto\" class=\"portfolio-hover-button zoom-icon\">Zoom<\/a><\/div><\/li><li><img decoding=\"async\" src=\"https:\/\/atlasbarz.ca\/wp-content\/uploads\/2017\/11\/Banc-urbain-ABZBENCH-02-AtlasBarz-1000x750.jpg\" alt=\"Banc urbain ABZBENCH 02 AtlasBarz 1000x750 Innovative Urban Furniture   La Durantaye\"  title=\"Innovative Urban Furniture   La Durantaye\" \/><div class=\"thumb-hover\"><a href=\"https:\/\/atlasbarz.ca\/wp-content\/uploads\/2017\/11\/Banc-urbain-ABZBENCH-02-AtlasBarz-1000x750.jpg\" data-gal=\"prettyPhoto\" class=\"portfolio-hover-button zoom-icon\">Zoom<\/a><\/div><\/li><li><img decoding=\"async\" src=\"https:\/\/atlasbarz.ca\/wp-content\/uploads\/2017\/11\/La-Durantaye-r\u00e9alisation-atlasbarz-1000x750.jpg\" alt=\"La Durantaye r\u00e9alisation atlasbarz 1000x750 Innovative Urban Furniture   La Durantaye\"  title=\"Innovative Urban Furniture   La Durantaye\" \/><div class=\"thumb-hover\"><a href=\"https:\/\/atlasbarz.ca\/wp-content\/uploads\/2017\/11\/La-Durantaye-r\u00e9alisation-atlasbarz-1000x750.jpg\" data-gal=\"prettyPhoto\" class=\"portfolio-hover-button zoom-icon\">Zoom<\/a><\/div><\/li><\/ul><\/div><\/div><\/div><\/div><\/section><section  class=\"section\"><div class=\"row vc_row-fluid\"><div class=\"wpb_column col-md-4 wow fadeIn no-padding\"><ul  class=\"checklist style-arrow icon-bg-dark-gray\"><li>Three park benches with backrest and a multifunction park bench are installed<\/li><\/ul><\/div><div class=\"wpb_column col-md-4 align-left wow fadeIn no-padding\"><ul  class=\"checklist style-arrow icon-bg-dark-gray\"><li>The development of the park will be completed in spring 2018<\/li><\/ul><\/div><div class=\"wpb_column col-md-4 wow fadeIn have-padding\"><ul  class=\"checklist style-arrow icon-bg-dark-gray\"><li>A descriptive panel illustrating 6 exercises accompanies the multifunctional bench<\/li><\/ul><\/div><\/div><\/section><section  class=\"section\"><div class=\"row vc_row-fluid\"><div class=\"wpb_column col-md-6 no-padding\"><div class=\"section-text text-block custom-font-text-1775990051-1324971077 \"  data-when=\"enter\" data-from=\"0\" data-to=\"0\" data-opacity=\"0\"><h3>Multifunction bench and\u00a0descriptive panel<\/h3>\n<p>Our first multifunction bench was installed at parc de L&#8217;Etang in the heart of the municipality of La Durantaye. Indeed, the municipality undertook a refurbishment of its main park to include intergenerational infrastructures. It is in this context that the multifunction bench, accompanied by a descriptive panel illustrating 6 varied exercises, was implemented in order to offer citizens a space dedicated to the practice of outdoor physical activity. In all, two people can use the bench simultaneously. Our innovative street furniture, located near a children&#8217;s playground, also offers a relaxing place for parents!<\/p>\n<\/div><\/div><div class=\"wpb_column col-md-6 align-left wow fadeIn no-padding\">[rev_slider_vc alias=&#8221;la-durantaye&#8221;]<\/div><\/div><\/section><section  class=\"section\"><div class=\"row vc_row-fluid\"><div class=\"wpb_column col-md-6 wow fadeIn no-padding\"><img decoding=\"async\"  class=\"\"  src=\"https:\/\/atlasbarz.ca\/wp-content\/uploads\/2017\/11\/Banc-urbain-ABZBENCH-02-atlasbarz-1000x750-la-durantaye-3.jpg\"  alt=\"Banc urbain ABZBENCH 02 atlasbarz 1000x750 la durantaye 3 Innovative Urban Furniture   La Durantaye\"  title=\"Innovative Urban Furniture   La Durantaye\" \/><\/div><div class=\"wpb_column col-md-6 align-left no-padding\"><div class=\"section-text text-block custom-font-text-1775990051-1730441878 \"  data-when=\"enter\" data-from=\"0\" data-to=\"0\" data-opacity=\"0\"><h3><\/h3>\n<h3>Park benches<\/h3>\n<p>The municipality of La Durantaye has also acquired our first outdoor benches. Indeed,\u00a0you can find in this park 3\u00a0examplaries of this bench (model: ABZBENCH-02). Thanks to its protective coating and robust construction, this innovative street furniture tamperproof! Our Sustainable Urban bench was designed in order to blend in with its environment and the existing furnitures. That&#8217;s why we opted for a minimalist design as well as a combination of metallic gray and black colors. Also, the addition of fully welded slats completes the design. Our new generation of park benches are replacing the existing street furniture victim of damage and vandalism. These 60-inch length\u00a0park benches offers a relaxing space\u00a0for the\u00a0visitors.<\/p>\n<\/div><\/div><\/div><\/section><section  class=\"section padding_t_40\"><div class=\"row vc_row-fluid\"><div class=\"wpb_column col-md-12 wow fadeIn no-padding\"><div class=\"section-text text-block custom-font-text-1775990051-1550944647 \"  data-when=\"enter\" data-from=\"0\" data-to=\"0\" data-opacity=\"0\"><h2 style=\"text-align: center\">Discover our recent projects<\/h2>\n<\/div><\/div><\/div><\/section><section  class=\"section products margin_b_60\"><div class=\"row vc_row-fluid\"><div class=\"wpb_column col-md-4 wow slideInLeft no-padding\"><a href=\"http:\/\/atlasbarz.ca\/entrainement-urbain-saint-hyacinthe\/\"><img decoding=\"async\"  class=\"\"  src=\"https:\/\/atlasbarz.ca\/wp-content\/uploads\/2016\/06\/Montage-Stehya-500x375.jpg\"  alt=\"Montage Stehya 500x375 Innovative Urban Furniture   La Durantaye\"  title=\"Innovative Urban Furniture   La Durantaye\" \/><\/a><div class=\"section-text text-block custom-font-text-1775990051-1758969052 \"  data-when=\"enter\" data-from=\"0\" data-to=\"0\" data-opacity=\"0\"><h5 style=\"text-align: center\"><strong>Outdoor training station<\/strong><br \/>\n<strong>Saint-Hyacinthe, 2016<\/strong><\/h5>\n<\/div><\/div><div class=\"wpb_column col-md-4 have-padding\"><a href=\"http:\/\/atlasbarz.ca\/exerciseurs-aines-danville-qc\/\"><img decoding=\"async\"  class=\"\"  src=\"https:\/\/atlasbarz.ca\/wp-content\/uploads\/2016\/06\/Montage-Danville-500x375.jpg\"  alt=\"Montage Danville 500x375 Innovative Urban Furniture   La Durantaye\"  title=\"Innovative Urban Furniture   La Durantaye\" \/><\/a><div class=\"section-text text-block custom-font-text-1775990051-1539808233 \"  data-when=\"enter\" data-from=\"0\" data-to=\"0\" data-opacity=\"0\"><h5 style=\"text-align: center\"><strong>Exercisers for seniors<\/strong><br \/>\n<strong>Danville, 2017<\/strong><\/h5>\n<\/div><\/div><div class=\"wpb_column col-md-4 wow slideInRight have-padding\"><a href=\"http:\/\/atlasbarz.ca\/entrainement-urbain-chambly\/\"><img decoding=\"async\"  class=\"\"  src=\"https:\/\/atlasbarz.ca\/wp-content\/uploads\/2016\/06\/Montage-Chambly-500x375.jpg\"  alt=\"Montage Chambly 500x375 Innovative Urban Furniture   La Durantaye\"  title=\"Innovative Urban Furniture   La Durantaye\" \/><\/a><div class=\"section-text text-block custom-font-text-1775990051-1108380058 \"  data-when=\"enter\" data-from=\"0\" data-to=\"0\" data-opacity=\"0\"><h5 style=\"text-align: center\"><strong>Urban training<\/strong><br \/>\n<strong>Chambly, 2017<\/strong><\/h5>\n<\/div><\/div><\/div><\/section>\n","protected":false},"excerpt":{"rendered":"<p>(Fran\u00e7ais) Installation de bancs de parc durables et multifonction en plein c\u0153ur de la municipalit\u00e9<\/p>\n","protected":false},"author":1,"featured_media":9372,"parent":0,"menu_order":0,"comment_status":"closed","ping_status":"closed","template":"","meta":{"footnotes":""},"class_list":["post-6239","page","type-page","status-publish","has-post-thumbnail","hentry"],"_links":{"self":[{"href":"https:\/\/atlasbarz.ca\/en\/wp-json\/wp\/v2\/pages\/6239","targetHints":{"allow":["GET"]}}],"collection":[{"href":"https:\/\/atlasbarz.ca\/en\/wp-json\/wp\/v2\/pages"}],"about":[{"href":"https:\/\/atlasbarz.ca\/en\/wp-json\/wp\/v2\/types\/page"}],"author":[{"embeddable":true,"href":"https:\/\/atlasbarz.ca\/en\/wp-json\/wp\/v2\/users\/1"}],"replies":[{"embeddable":true,"href":"https:\/\/atlasbarz.ca\/en\/wp-json\/wp\/v2\/comments?post=6239"}],"version-history":[{"count":83,"href":"https:\/\/atlasbarz.ca\/en\/wp-json\/wp\/v2\/pages\/6239\/revisions"}],"predecessor-version":[{"id":11173,"href":"https:\/\/atlasbarz.ca\/en\/wp-json\/wp\/v2\/pages\/6239\/revisions\/11173"}],"wp:featuredmedia":[{"embeddable":true,"href":"https:\/\/atlasbarz.ca\/en\/wp-json\/wp\/v2\/media\/9372"}],"wp:attachment":[{"href":"https:\/\/atlasbarz.ca\/en\/wp-json\/wp\/v2\/media?parent=6239"}],"curies":[{"name":"wp","href":"https:\/\/api.w.org\/{rel}","templated":true}]}}