{"id":6149,"date":"2017-10-29T17:18:40","date_gmt":"2017-10-29T21:18:40","guid":{"rendered":"http:\/\/atlasbarz.ca\/?page_id=6149"},"modified":"2020-11-11T15:05:44","modified_gmt":"2020-11-11T20:05:44","slug":"exerciseurs-aines-danville-qc","status":"publish","type":"page","link":"https:\/\/atlasbarz.ca\/en\/exerciseurs-aines-danville-qc\/","title":{"rendered":"Exercisers for Seniors &#8211; Danville"},"content":{"rendered":"<section  class=\"section margin_t_60\"><div class=\"row vc_row-fluid\"><div class=\"wpb_column col-md-12 have-padding\"><div class=\"section-text text-block custom-font-text-1776289590-2063475542 \"  data-when=\"enter\" data-from=\"0\" data-to=\"0\" data-opacity=\"0\"><h1>Outdoor exercisers for seniors, Danville<\/h1>\n<h2>Pyramid and balance beam with support ramps, multifunction bench and descriptive panels<\/h2>\n<\/div><\/div><\/div><\/section><section  class=\"section\"><div class=\"row vc_row-fluid\"><div class=\"wpb_column col-md-12 have-padding\"><div  class=\"slider-gallery\"><div  class=\"post-gallery flexslider\"><ul class=\"slides\"><li><img decoding=\"async\" src=\"https:\/\/atlasbarz.ca\/wp-content\/uploads\/2018\/10\/couverture-banc-multi-comunaut\u00e9-atlasbarz.jpg\" alt=\"couverture banc multi comunaut\u00e9 atlasbarz Exercisers for Seniors   Danville\"  title=\"Exercisers for Seniors   Danville\" \/><\/li><li><img decoding=\"async\" src=\"https:\/\/atlasbarz.ca\/wp-content\/uploads\/2017\/10\/pyramide.jpg\" alt=\"pyramide Exercisers for Seniors   Danville\"  title=\"Exercisers for Seniors   Danville\" \/><\/li><li><img decoding=\"async\" src=\"https:\/\/atlasbarz.ca\/wp-content\/uploads\/2017\/10\/panneau-danville-atlasbarz.jpg\" alt=\"panneau danville atlasbarz Exercisers for Seniors   Danville\"  title=\"Exercisers for Seniors   Danville\" \/><\/li><li><img decoding=\"async\" src=\"https:\/\/atlasbarz.ca\/wp-content\/uploads\/2017\/10\/banc-multi-bande-elastique-danville-exercice-plein-air.jpg\" alt=\"banc multi bande elastique danville exercice plein air Exercisers for Seniors   Danville\"  title=\"Exercisers for Seniors   Danville\" \/><\/li><\/ul><\/div><div class=\"slider-thumbs\"><ul><li><img decoding=\"async\" src=\"https:\/\/atlasbarz.ca\/wp-content\/uploads\/2018\/10\/couverture-banc-multi-comunaut\u00e9-atlasbarz.jpg\" alt=\"couverture banc multi comunaut\u00e9 atlasbarz Exercisers for Seniors   Danville\"  title=\"Exercisers for Seniors   Danville\" \/><div class=\"thumb-hover\"><a href=\"https:\/\/atlasbarz.ca\/wp-content\/uploads\/2018\/10\/couverture-banc-multi-comunaut\u00e9-atlasbarz.jpg\" data-gal=\"prettyPhoto\" class=\"portfolio-hover-button zoom-icon\">Zoom<\/a><\/div><\/li><li><img decoding=\"async\" src=\"https:\/\/atlasbarz.ca\/wp-content\/uploads\/2017\/10\/pyramide.jpg\" alt=\"pyramide Exercisers for Seniors   Danville\"  title=\"Exercisers for Seniors   Danville\" \/><div class=\"thumb-hover\"><a href=\"https:\/\/atlasbarz.ca\/wp-content\/uploads\/2017\/10\/pyramide.jpg\" data-gal=\"prettyPhoto\" class=\"portfolio-hover-button zoom-icon\">Zoom<\/a><\/div><\/li><li><img decoding=\"async\" src=\"https:\/\/atlasbarz.ca\/wp-content\/uploads\/2017\/10\/panneau-danville-atlasbarz.jpg\" alt=\"panneau danville atlasbarz Exercisers for Seniors   Danville\"  title=\"Exercisers for Seniors   Danville\" \/><div class=\"thumb-hover\"><a href=\"https:\/\/atlasbarz.ca\/wp-content\/uploads\/2017\/10\/panneau-danville-atlasbarz.jpg\" data-gal=\"prettyPhoto\" class=\"portfolio-hover-button zoom-icon\">Zoom<\/a><\/div><\/li><li><img decoding=\"async\" src=\"https:\/\/atlasbarz.ca\/wp-content\/uploads\/2017\/10\/banc-multi-bande-elastique-danville-exercice-plein-air.jpg\" alt=\"banc multi bande elastique danville exercice plein air Exercisers for Seniors   Danville\"  title=\"Exercisers for Seniors   Danville\" \/><div class=\"thumb-hover\"><a href=\"https:\/\/atlasbarz.ca\/wp-content\/uploads\/2017\/10\/banc-multi-bande-elastique-danville-exercice-plein-air.jpg\" data-gal=\"prettyPhoto\" class=\"portfolio-hover-button zoom-icon\">Zoom<\/a><\/div><\/li><\/ul><\/div><\/div><\/div><\/div><\/section><section  class=\"section\"><div class=\"row vc_row-fluid\"><div class=\"wpb_column col-md-4 wow fadeIn no-padding\"><ul  class=\"checklist style-arrow icon-bg-dark-gray\"><li>Development of appropriate and accessible exercisers for our seniors and adults<\/li><\/ul><\/div><div class=\"wpb_column col-md-4 align-left wow fadeIn no-padding\"><ul  class=\"checklist style-arrow icon-bg-dark-gray\"><li>More than 21 functional exercises will be represented on various descriptive panels<\/li><\/ul><\/div><div class=\"wpb_column col-md-4 wow fadeIn have-padding\"><ul  class=\"checklist style-arrow icon-bg-dark-gray\"><li>The final layout of the site and installation of the descriptive panels was completed in 2018.<\/li><\/ul><\/div><\/div><\/section><section  class=\"section\"><div class=\"row vc_row-fluid\"><div class=\"wpb_column col-md-6 no-padding\"><div class=\"section-text text-block custom-font-text-1776289590-455269002 \"  data-when=\"enter\" data-from=\"0\" data-to=\"0\" data-opacity=\"0\"><h3>Accessible outdoor fitness for our seniors<\/h3>\n<p>The City of Danville wanted to purchase specialized modules and exercise stations for seniors. We have designed and proposed an urban training\u00a0area adapted for this type of clientele. It is therefore at the park near the Town Hall of Danville and Pond Burbank that we find our first exercisers for seniors!<\/p>\n<p>This innovative active\u00a0area consists of our pyramid with support ramps, a balance beam with a support ramp, a multifunction bench and a set of\u00a0descriptive panels to guide users. A footpath and clearance zones (absorbent surfaces) will be installed\u00a0by spring 2018!<\/p>\n<\/div><\/div><div class=\"wpb_column col-md-6 align-left wow fadeIn no-padding\"><div  class=\"flexslider gallery-slider\"><ul class=\"slides\"><li data-thumb=\"https:\/\/atlasbarz.ca\/wp-content\/uploads\/2017\/10\/banc-multifonction-elastique-exercice-plein-air.jpg\"><img decoding=\"async\" src=\"https:\/\/atlasbarz.ca\/wp-content\/uploads\/2017\/10\/banc-multifonction-elastique-exercice-plein-air.jpg\" alt=\"banc multifonction elastique exercice plein air Exercisers for Seniors   Danville\"  title=\"Exercisers for Seniors   Danville\" \/><\/li><li data-thumb=\"https:\/\/atlasbarz.ca\/wp-content\/uploads\/2017\/10\/poutre-equilibre-ain\u00e9-atlasbarz-danville.jpg\"><img decoding=\"async\" src=\"https:\/\/atlasbarz.ca\/wp-content\/uploads\/2017\/10\/poutre-equilibre-ain\u00e9-atlasbarz-danville.jpg\" alt=\"poutre equilibre ain\u00e9 atlasbarz danville Exercisers for Seniors   Danville\"  title=\"Exercisers for Seniors   Danville\" \/><\/li><li data-thumb=\"https:\/\/atlasbarz.ca\/wp-content\/uploads\/2017\/10\/banc-pour-sauts.jpg\"><img decoding=\"async\" src=\"https:\/\/atlasbarz.ca\/wp-content\/uploads\/2017\/10\/banc-pour-sauts.jpg\" alt=\"banc pour sauts Exercisers for Seniors   Danville\"  title=\"Exercisers for Seniors   Danville\" \/><\/li><li data-thumb=\"https:\/\/atlasbarz.ca\/wp-content\/uploads\/2016\/08\/pyramide-ain\u00e9-danville.jpg\"><img decoding=\"async\" src=\"https:\/\/atlasbarz.ca\/wp-content\/uploads\/2016\/08\/pyramide-ain\u00e9-danville.jpg\" alt=\"pyramide ain\u00e9 danville Exercisers for Seniors   Danville\"  title=\"Exercisers for Seniors   Danville\" \/><\/li><\/ul><\/div><\/div><\/div><\/section><section  class=\"section\"><div class=\"row vc_row-fluid\"><div class=\"wpb_column col-md-6 wow fadeIn no-padding\"><div  class=\"slider-gallery\"><div  class=\"post-gallery flexslider\"><ul class=\"slides\"><li><img decoding=\"async\" src=\"https:\/\/atlasbarz.ca\/wp-content\/uploads\/2017\/10\/Panneau-exerciseur-ain\u00e9-recto-Danville.jpg\" alt=\"Panneau exerciseur ain\u00e9 recto Danville Exercisers for Seniors   Danville\"  title=\"Exercisers for Seniors   Danville\" \/><\/li><li><img decoding=\"async\" src=\"https:\/\/atlasbarz.ca\/wp-content\/uploads\/2017\/10\/Panneau-exerciseur-ain\u00e9-verso-Danville.jpg\" alt=\"Panneau exerciseur ain\u00e9 verso Danville Exercisers for Seniors   Danville\"  title=\"Exercisers for Seniors   Danville\" \/><\/li><li><img decoding=\"async\" src=\"https:\/\/atlasbarz.ca\/wp-content\/uploads\/2017\/10\/Panneau-exerciseur-banc-multifonction-Danville.jpg\" alt=\"Panneau exerciseur banc multifonction Danville Exercisers for Seniors   Danville\"  title=\"Exercisers for Seniors   Danville\" \/><\/li><\/ul><\/div><div class=\"slider-thumbs\"><ul><li><img decoding=\"async\" src=\"https:\/\/atlasbarz.ca\/wp-content\/uploads\/2017\/10\/Panneau-exerciseur-ain\u00e9-recto-Danville.jpg\" alt=\"Panneau exerciseur ain\u00e9 recto Danville Exercisers for Seniors   Danville\"  title=\"Exercisers for Seniors   Danville\" \/><div class=\"thumb-hover\"><a href=\"https:\/\/atlasbarz.ca\/wp-content\/uploads\/2017\/10\/Panneau-exerciseur-ain\u00e9-recto-Danville.jpg\" data-gal=\"prettyPhoto\" class=\"portfolio-hover-button zoom-icon\">Zoom<\/a><\/div><\/li><li><img decoding=\"async\" src=\"https:\/\/atlasbarz.ca\/wp-content\/uploads\/2017\/10\/Panneau-exerciseur-ain\u00e9-verso-Danville.jpg\" alt=\"Panneau exerciseur ain\u00e9 verso Danville Exercisers for Seniors   Danville\"  title=\"Exercisers for Seniors   Danville\" \/><div class=\"thumb-hover\"><a href=\"https:\/\/atlasbarz.ca\/wp-content\/uploads\/2017\/10\/Panneau-exerciseur-ain\u00e9-verso-Danville.jpg\" data-gal=\"prettyPhoto\" class=\"portfolio-hover-button zoom-icon\">Zoom<\/a><\/div><\/li><li><img decoding=\"async\" src=\"https:\/\/atlasbarz.ca\/wp-content\/uploads\/2017\/10\/Panneau-exerciseur-banc-multifonction-Danville.jpg\" alt=\"Panneau exerciseur banc multifonction Danville Exercisers for Seniors   Danville\"  title=\"Exercisers for Seniors   Danville\" \/><div class=\"thumb-hover\"><a href=\"https:\/\/atlasbarz.ca\/wp-content\/uploads\/2017\/10\/Panneau-exerciseur-banc-multifonction-Danville.jpg\" data-gal=\"prettyPhoto\" class=\"portfolio-hover-button zoom-icon\">Zoom<\/a><\/div><\/li><\/ul><\/div><\/div><\/div><div class=\"wpb_column col-md-6 align-left no-padding\"><div class=\"section-text text-block custom-font-text-1776289590-1508990538 \"  data-when=\"enter\" data-from=\"0\" data-to=\"0\" data-opacity=\"0\"><h3>Encouraging seniors to move is our priority!<\/h3>\n<p>Creating an urban training course is one thing, knowing how to make it useful is another! We have used our expertise to design an inviting active\u00a0area with a contemporary design and look while playing with a color scheme that is both attractive and easy merging with the environment. Our set of descriptive panels has been developed and approved by kinesiologists to provide varied and tailored exercises focused on building muscle and motor skills of our seniors. For the more connected of us, a free mobile application is available to enhance the\u00a0experience of the users.<\/p>\n<p>Each exercise station has ergonomic supports, including support ramps, to ensure a safe workout area. In addition, the modules are static and multifunctional, thus promoting the creativity of the user through an impressive exercise possibility.<\/p>\n<\/div><\/div><\/div><\/section><section  class=\"section\"><div class=\"row vc_row-fluid\"><div class=\"wpb_column col-md-12 wow fadeIn no-padding\"><div class=\"section-text text-block custom-font-text-1776289590-834698992 \"  data-when=\"enter\" data-from=\"0\" data-to=\"0\" data-opacity=\"0\"><h2 style=\"text-align: center\">Discover our recent projects<\/h2>\n<\/div><\/div><\/div><\/section><section  class=\"section products margin_b_60\"><div class=\"row vc_row-fluid\"><div class=\"wpb_column col-md-4 wow slideInLeft no-padding\"><a href=\"http:\/\/atlasbarz.ca\/entrainement-urbain-saint-hyacinthe\/\"><img decoding=\"async\"  class=\"\"  src=\"https:\/\/atlasbarz.ca\/wp-content\/uploads\/2016\/06\/Montage-Stehya-500x375.jpg\"  alt=\"Montage Stehya 500x375 Exercisers for Seniors   Danville\"  title=\"Exercisers for Seniors   Danville\" \/><\/a><div class=\"section-text text-block custom-font-text-1776289590-270705142 \"  data-when=\"enter\" data-from=\"0\" data-to=\"0\" data-opacity=\"0\"><h5 style=\"text-align: center\"><strong>Outdoor training station<\/strong><br \/>\n<strong>Saint-Hyacinthe, 2016<\/strong><\/h5>\n<\/div><\/div><div class=\"wpb_column col-md-4 have-padding\"><a href=\"http:\/\/atlasbarz.ca\/entrainement-urbain-chambly\/\"><img decoding=\"async\"  class=\"\"  src=\"https:\/\/atlasbarz.ca\/wp-content\/uploads\/2016\/06\/Montage-chambly-realisation-atlasbarz-500x375.jpg\"  alt=\"Montage chambly realisation atlasbarz 500x375 Exercisers for Seniors   Danville\"  title=\"Exercisers for Seniors   Danville\" \/><\/a><div class=\"section-text text-block custom-font-text-1776289590-1717815062 \"  data-when=\"enter\" data-from=\"0\" data-to=\"0\" data-opacity=\"0\"><h5 style=\"text-align: center\"><strong>Urban Workout<\/strong><br \/>\n<strong>Chambly, 2017<\/strong><\/h5>\n<\/div><\/div><div class=\"wpb_column col-md-4 wow slideInRight have-padding\"><a href=\"http:\/\/atlasbarz.ca\/mobilier-urbain-novateur-durantaye\/\"><img decoding=\"async\"  class=\"\"  src=\"https:\/\/atlasbarz.ca\/wp-content\/uploads\/2016\/06\/Montage-La-durantaye-500x375.jpg\"  alt=\"Montage La durantaye 500x375 Exercisers for Seniors   Danville\"  title=\"Exercisers for Seniors   Danville\" \/><\/a><div class=\"section-text text-block custom-font-text-1776289590-21161119 \"  data-when=\"enter\" data-from=\"0\" data-to=\"0\" data-opacity=\"0\"><h5 style=\"text-align: center\"><strong>Innovative urban furniture<\/strong><br \/>\n<strong>La Durantaye, 2017<\/strong><\/h5>\n<\/div><\/div><\/div><\/section>\n","protected":false},"excerpt":{"rendered":"<p>(Fran\u00e7ais) Am\u00e9nagement d\u2019un parcours actif sp\u00e9cialis\u00e9 pour une client\u00e8le a\u00een\u00e9e et livraison de notre premi\u00e8re poubelle urbaine<\/p>\n","protected":false},"author":1,"featured_media":8365,"parent":0,"menu_order":0,"comment_status":"closed","ping_status":"closed","template":"","meta":{"footnotes":""},"class_list":["post-6149","page","type-page","status-publish","has-post-thumbnail","hentry"],"_links":{"self":[{"href":"https:\/\/atlasbarz.ca\/en\/wp-json\/wp\/v2\/pages\/6149","targetHints":{"allow":["GET"]}}],"collection":[{"href":"https:\/\/atlasbarz.ca\/en\/wp-json\/wp\/v2\/pages"}],"about":[{"href":"https:\/\/atlasbarz.ca\/en\/wp-json\/wp\/v2\/types\/page"}],"author":[{"embeddable":true,"href":"https:\/\/atlasbarz.ca\/en\/wp-json\/wp\/v2\/users\/1"}],"replies":[{"embeddable":true,"href":"https:\/\/atlasbarz.ca\/en\/wp-json\/wp\/v2\/comments?post=6149"}],"version-history":[{"count":56,"href":"https:\/\/atlasbarz.ca\/en\/wp-json\/wp\/v2\/pages\/6149\/revisions"}],"predecessor-version":[{"id":11174,"href":"https:\/\/atlasbarz.ca\/en\/wp-json\/wp\/v2\/pages\/6149\/revisions\/11174"}],"wp:featuredmedia":[{"embeddable":true,"href":"https:\/\/atlasbarz.ca\/en\/wp-json\/wp\/v2\/media\/8365"}],"wp:attachment":[{"href":"https:\/\/atlasbarz.ca\/en\/wp-json\/wp\/v2\/media?parent=6149"}],"curies":[{"name":"wp","href":"https:\/\/api.w.org\/{rel}","templated":true}]}}