{"id":11889,"date":"2021-08-26T10:29:11","date_gmt":"2021-08-26T14:29:11","guid":{"rendered":"https:\/\/atlasbarz.ca\/?page_id=11889"},"modified":"2021-09-01T13:41:40","modified_gmt":"2021-09-01T17:41:40","slug":"parcours-dentrainement-actif-les-escoumins","status":"publish","type":"page","link":"https:\/\/atlasbarz.ca\/en\/realisations\/parcours-dentrainement-actif-les-escoumins\/","title":{"rendered":"Active fitness circuit, Les Escoumins"},"content":{"rendered":"<section  class=\"section margin_t_60\"><div class=\"row vc_row-fluid\"><div class=\"wpb_column col-md-12 have-padding\"><div class=\"section-text text-block custom-font-text-1776215300-555528208 \"  data-when=\"enter\" data-from=\"0\" data-to=\"0\" data-opacity=\"0\"><h1>Active fitness circuit, Les Escoumins<\/h1>\n<h2>Discover an active fitness course on the shores of the majestic St. Lawrence River in C\u00f4te-Nord<\/h2>\n<\/div><\/div><\/div><\/section><section  class=\"section\"><div class=\"row vc_row-fluid\"><div class=\"wpb_column col-md-6 no-padding\"><div class=\"section-text text-block custom-font-text-1776215300-1173522379 \"  data-when=\"enter\" data-from=\"0\" data-to=\"0\" data-opacity=\"0\"><h3>Training on the shore of the St. Lawrence River<\/h3>\n<p>Discover a facility located on the Sentier du Moulin (Sentier V\u00e9loroute des Baleines), a beautiful area on the C\u00f4te-Nord, in the heart of <a href=\"https:\/\/www.escoumins.ca\/\">Les Escoumins<\/a>. Just a stone&#8217;s throw from the St. Lawrence River, these facilities couldn&#8217;t be better located!<\/p>\n<p>To be honest, the Sentier du Moulin represents an important achievement in many aspects. Indeed, the AtlasBarz team has long wished to deliver modules next to our majestic St. Lawrence River; offering a splendid view on most of the exercise stations, it is an unprecedented success for AtlasBarz.<\/p>\n<p>Also, the training course now offers another achievement with red modules, which is becoming more and more popular!<\/p>\n<\/div><ul  class=\"checklist style-arrow icon-bg-dark-gray\"><li>Installation in 2020 of multifunction benches, exercise benches, and accessible support<\/li><\/ul><ul  class=\"checklist style-arrow icon-bg-dark-gray\"><li>Installation of a training course on the Sentier V\u00e9loroute des Baleines, near the Les Escoumins - Trois-Pistoles ferry terminal<\/li><\/ul><\/div><div class=\"wpb_column col-md-6 align-left wow fadeIn no-padding\"><div  class=\"post-gallery flexslider\"><ul class=\"slides\"><li><img decoding=\"async\" src=\"https:\/\/atlasbarz.ca\/wp-content\/uploads\/2021\/09\/Banc-Multifonction-Les-Escoumins-Parcours-Actif.jpg\" alt=\"Banc Multifonction Les Escoumins Parcours Actif Bilingual training course, Saint Armand\"  title=\"Bilingual training course, Saint Armand\" \/><\/li><li><img decoding=\"async\" src=\"https:\/\/atlasbarz.ca\/wp-content\/uploads\/2021\/09\/Banc-Exercice-Parcours-dentrainement-Les-Escoumins.jpg\" alt=\"Banc Exercice Parcours dentrainement Les Escoumins Bilingual training course, Saint Armand\"  title=\"Bilingual training course, Saint Armand\" \/><\/li><li><img decoding=\"async\" src=\"https:\/\/atlasbarz.ca\/wp-content\/uploads\/2021\/09\/Parcours-Actif-Cote-Nord-Les-Escoumins-Fleuve-Saint-Laurent.jpg\" alt=\"Parcours Actif Cote Nord Les Escoumins Fleuve Saint Laurent Bilingual training course, Saint Armand\"  title=\"Bilingual training course, Saint Armand\" \/><\/li><\/ul><\/div><\/div><\/div><\/section><section  class=\"section padding_t_60\"><div class=\"row vc_row-fluid\"><div class=\"wpb_column col-md-6 no-padding\"><img decoding=\"async\"  class=\"align-center\"  src=\"https:\/\/atlasbarz.ca\/wp-content\/uploads\/2021\/09\/Panneau-1-Recto-Bienvenue-Les-Escoumins.jpg\"  alt=\"Panneau 1 Recto Bienvenue Les Escoumins Bilingual training course, Saint Armand\"  title=\"Bilingual training course, Saint Armand\" \/><\/div><div class=\"wpb_column col-md-6 align-left wow fadeIn no-padding\"><div class=\"section-text text-block custom-font-text-1776215300-176084008 \"  data-when=\"enter\" data-from=\"0\" data-to=\"0\" data-opacity=\"0\"><h3>Outdoor training modules<\/h3>\n<p>The site consists of 3 stations that can accommodate a total of more than eight users simultaneously: a <a href=\"https:\/\/atlasbarz.ca\/commercial-products\/banc-de-parc\/\">multi-function bench<\/a>, a <a href=\"https:\/\/soumission.atlasbarz.ca\/banc-de-parc-multifonction-02\/\">V2 multi-function bench<\/a> with <a href=\"https:\/\/atlasbarz.ca\/exerciseur-accessible\/\">accessibility support<\/a>, an <a href=\"http:\/\/atlasbarz.ca\/commercial-products\/abdominal-bench\/\">exercise bench<\/a> with lateral support.<\/p>\n<p>Among these modules, we have delivered our new <a href=\"https:\/\/soumission.atlasbarz.ca\/banc-de-parc-multifonction-02\/\">V2 multifunction bench<\/a>. This bench offers a wide range of exercises for all the main muscle groups of the body and is an excellent companion to our standard multifunctional bench.<\/p>\n<p>Finally, the last station presents a space for muscle strengthening and stretching. This is where we find our exercise bench.<\/p>\n<\/div><ul  class=\"checklist style-arrow icon-\"><li>Station 1 : Warm Up <\/li><li> Station 2 : Upper and Lower Body with Elastic Bands<\/li><li> Station 3 : Abs and Stretch<\/li><\/ul><\/div><\/div><\/section><section  class=\"section padding_t_40 padding_b_60\"><div class=\"row vc_row-fluid\"><div class=\"wpb_column col-md-2 wow fadeIn no-padding\"><\/div><div class=\"wpb_column col-md-8 have-padding\"><div class=\"section-text text-block custom-font-text-1776215300-134667896 \"  data-when=\"enter\" data-from=\"0\" data-to=\"0\" data-opacity=\"0\"><h2 style=\"text-align: center\">D\u00e9couvrez nos r\u00e9alisations r\u00e9centes<br \/>\nParcours actif et mobilier urbain<\/h2>\n<\/div><div class=\"section-text text-block custom-font-text-1776215300-869936100 \"  data-when=\"enter\" data-from=\"0\" data-to=\"0\" data-opacity=\"0\"><!-- The Grid Plugin Version 2.7.9.1 --><!-- The Grid Wrapper Start --><div class=\"tg-grid-wrapper tg-txt\" id=\"grid-11892\" data-version=\"2.7.9.1\"><!-- The Grid Styles --><style class=\"tg-grid-styles\" type=\"text\/css\" scoped>#grid-11892{margin-bottom:26px}#grid-11892 .tg-nav-color:not(.dots):not(.tg-dropdown-value):not(.tg-dropdown-title):hover,#grid-11892 .tg-nav-color:hover .tg-nav-color,#grid-11892 .tg-page-number.tg-page-current,#grid-11892 .tg-filter.tg-filter-active span{color:#ff6863}#grid-11892 .tg-filter:before,#grid-11892 .tg-filter.tg-filter-active:before{color:#999999}#grid-11892 .tg-dropdown-holder,#grid-11892 .tg-search-inner,#grid-11892 .tg-sorter-order{border:1px solid #DDDDDD}#grid-11892 .tg-search-clear,#grid-11892 .tg-search-clear:hover{border:none;border-left:1px solid #DDDDDD}.tg-txt .tg-nav-font,.tg-txt input[type=text].tg-search{font-size:14px;font-weight:600}.tg-txt .tg-search::-webkit-input-placeholder{font-size:14px}.tg-txt .tg-search::-moz-placeholder{font-size:14px}.tg-txt .tg-search:-ms-input-placeholder{font-size:14px}.tg-txt .tg-icon-left-arrow:before{content:\"\\e604\";font-size:32px;font-weight:100}.tg-txt .tg-icon-right-arrow:before{content:\"\\e602\";font-size:32px;font-weight:100}.tg-txt .tg-icon-dropdown-open:before,.tg-txt .tg-icon-sorter-down:before{content:\"\\e60a\"}.tg-txt .tg-icon-sorter-up:before{content:\"\\e609\"}.tg-txt .tg-search-clear:before{content:\"\\e611\";font-weight:300}.tg-txt .tg-search-icon:before{content:\"\\e62e\";font-size:16px;font-weight:600}#grid-11892 .tg-nav-color,#grid-11892 .tg-search-icon:hover:before,#grid-11892 .tg-search-icon:hover input,#grid-11892 .tg-disabled:hover .tg-icon-left-arrow,#grid-11892 .tg-disabled:hover .tg-icon-right-arrow,#grid-11892 .tg-dropdown-title.tg-nav-color:hover{color:#999999}#grid-11892 input.tg-search:hover{color:#999999 !important}#grid-11892 input.tg-search::-webkit-input-placeholder{color:#999999}#grid-11892 input.tg-search::-moz-placeholder{color:#999999;opacity:1}#grid-11892 input.tg-search:-ms-input-placeholder{color:#999999}.grid-11892 .tg-dropdown-item{color:#777777;background:#ffffff}.grid-11892 .tg-filter-active,.grid-11892 .tg-dropdown-item:hover{color:#444444;background:#f5f6fa}#grid-11892 .tg-slider-bullets li.tg-active-item span{background:#59585b}#grid-11892 .tg-slider-bullets li span{background:#DDDDDD}#grid-11892 .tg-grid-area-bottom2{text-align:center}.caracas a,.caracas a:active,.caracas a:focus,.caracas .tg-item-media-holder,.caracas .tg-item-content{text-decoration:none;border:none;-webkit-box-shadow:none;box-shadow:none;-webkit-transition:opacity 0.25s ease,color 0.25s ease,-webkit-transform 0.25s ease-in-out;-moz-transition:opacity 0.25s ease,color 0.25s ease,-moz-transform 0.25s ease-in-out;-ms-transition:opacity 0.25s ease,color 0.25s ease,-ms-transform 0.25s ease-in-out;-o-transition:opacity 0.25s ease,color 0.25s ease,-o-transform 0.25s ease-in-out;transition:opacity 0.25s ease,color 0.25s ease,transform 0.25s ease-in-out}.caracas.tg-item,.caracas .tg-center-holder{overflow:hidden}.caracas .tg-item-content,.caracas .tg-item-media-holder,.caracas .tg-item-overlay{position:absolute;display:block;top:0;left:0;width:100%;height:100%}.caracas .tg-item-link{position:absolute;display:block;top:0;left:0;width:100%;height:1000%}.caracas .tg-item-content{height:auto;top:100%;min-height:40px;text-align:center;padding:16px;background:#ffffff}.caracas:hover .tg-item-media-holder{-webkit-transform:translateY(-40px);-moz-transform:translateY(-40px);-ms-transform:translateY(-40px);-o-transform:translateY(-40px);transform:translateY(-40px)}.caracas:hover .tg-item-content{-webkit-transform:translateY(-100%);-moz-transform:translateY(-100%);-ms-transform:translateY(-100%);-o-transform:translateY(-100%);transform:translateY(-100%)}.caracas .tg-item-content,.caracas.tg-is-playing .tg-item-media-holder,.caracas.tg-force-play .tg-item-media-holder,.caracas.tg-is-playing .tg-item-content,.caracas.tg-force-play .tg-item-content{-webkit-transform:translateY(0);-moz-transform:translateY(0);-ms-transform:translateY(0);-o-transform:translateY(0);transform:translateY(0)}.caracas .tg-item-title,.caracas .tg-item-title a{position:relative;font-size:16px;line-height:20px;font-weight:600;margin:0 !important;padding:0 !important;text-transform:uppercase}.caracas .tg-item-title{margin:0 30px 2px 30px !important}.tg-layout-justified .caracas .tg-item-title{margin:0 0 2px 0 !important}.tg-layout-justified .caracas .tg-item-title,.tg-layout-justified .caracas .tg-item-title a{font-size:14px;line-height:18px}.caracas .tg-cats-holder{position:relative;display:block;margin:0 30px;font-size:13px;line-height:18px;font-style:italic}.caracas .tg-media-button{position:absolute;display:block;top:16px;right:16px;width:20px;height:20px;cursor:pointer;text-align:center}.caracas .tg-cats-holder a:hover,.caracas .tg-media-button:hover{opacity:0.75}.caracas .tg-media-button i{position:relative;display:block;width:20px;height:20px;font-size:18px;line-height:20px;cursor:pointer}.caracas .tg-media-button .tg-icon-add{font-size:28px}.tg-item .tg-dark div,.tg-item .tg-dark h1,.tg-item .tg-dark h1 a,.tg-item .tg-dark h2,.tg-item .tg-dark h2 a,.tg-item .tg-dark h3,.tg-item .tg-dark h3 a,.tg-item .tg-dark h4,.tg-item .tg-dark h4 a,.tg-item .tg-dark h5,.tg-item .tg-dark h5 a,.tg-item .tg-dark h6,.tg-item .tg-dark h6 a,.tg-item .tg-dark a,.tg-item .tg-dark a.tg-link-url,.tg-item .tg-dark i,.tg-item .tg-dark .tg-media-button,.tg-item .tg-dark .tg-item-price span{color:#444444;fill:#444444;stroke:#444444;border-color:#444444}.tg-item .tg-dark p,.tg-item .tg-dark ol,.tg-item .tg-dark ul,.tg-item .tg-dark li{color:#777777;fill:#777777;stroke:#777777;border-color:#777777}.tg-item .tg-dark span,.tg-item .tg-dark .no-liked .to-heart-icon path,.tg-item .tg-dark .empty-heart .to-heart-icon path,.tg-item .tg-dark .tg-item-comment i,.tg-item .tg-dark .tg-item-price del span{color:#999999;fill:#999999;stroke:#999999;border-color:#999999}.tg-item .tg-light div,.tg-item .tg-light h1,.tg-item .tg-light h1 a,.tg-item .tg-light h2,.tg-item .tg-light h2 a,.tg-item .tg-light h3,.tg-item .tg-light h3 a,.tg-item .tg-light h4,.tg-item .tg-light h4 a,.tg-item .tg-light h5,.tg-item .tg-light h5 a,.tg-item .tg-light h6,.tg-item .tg-light h6 a,.tg-item .tg-light a,.tg-item .tg-light a.tg-link-url,.tg-item .tg-light i,.tg-item .tg-light .tg-media-button,.tg-item .tg-light .tg-item-price span{color:#ffffff;fill:#ffffff;stroke:#ffffff;border-color:#ffffff}.tg-item .tg-light p,.tg-item .tg-light ol,.tg-item .tg-light ul,.tg-item .tg-light li{color:#f5f5f5;fill:#f5f5f5;stroke:#f5f5f5;border-color:#f5f5f5}.tg-item .tg-light span,.tg-item .tg-light .no-liked .to-heart-icon path,.tg-item .tg-light .empty-heart .to-heart-icon path,.tg-item .tg-light .tg-item-comment i,.tg-item .tg-light .tg-item-price del span{color:#f6f6f6;fill:#f6f6f6;stroke:#f6f6f6;border-color:#f6f6f6}#grid-11892 .tg-item-content-holder{background-color:#ffffff}#grid-11892 .tg-item-overlay{background-color:#1c542d}.tg-grid-area-bottom2{margin-top:20px}<\/style><!-- The Grid Item Sizer --><div class=\"tg-grid-sizer\"><\/div><!-- The Grid Gutter Sizer --><div class=\"tg-gutter-sizer\"><\/div><!-- The Grid Slider Wrapper Start --><div class=\"tg-grid-slider\"><!-- The Grid Items Holder --><div class=\"tg-grid-holder tg-layout-grid\"  data-name=\"R\u00e9alisation Exerciseurs Similaires\"  data-style=\"grid\" data-row=\"2\" data-layout=\"horizontal\" data-rtl=\"\" data-fitrows=\"\" data-filtercomb=\"\" data-filterlogic=\"AND\" data-filterload =\"\" data-sortbyload =\"\" data-orderload =\"false\" data-fullwidth=\"\" data-fullheight=\"\" data-gutters=\"[[320,0],[480,0],[768,0],[980,0],[1200,0],[9999,0]]\" data-slider='{\"itemNav\":\"null\",\"swingSpeed\":0.1,\"cycleBy\":\"pages\",\"cycle\":5000,\"startAt\":1}' data-ratio=\"1.33\" data-cols=\"[[320,1],[480,2],[768,3],[980,3],[1200,3],[9999,3]]\" data-rows=\"[[320,200],[480,200],[768,220],[980,220],[1200,240],[9999,240]]\" data-animation='{&quot;name&quot;:&quot;Fade in&quot;,&quot;visible&quot;:&quot;&quot;,&quot;hidden&quot;:&quot;&quot;}' data-transition=\"700ms\" data-ajaxmethod=\"\" data-ajaxdelay=\"100\" data-preloader=\"\" data-itemdelay=\"100\" data-gallery=\"\" data-ajax=\"\"><!-- The Grid item #1 --><article class=\"tg-item tg-post-7717 caracas\" data-row=\"1\" data-col=\"1\"><div class=\"tg-item-inner\"><div class=\"tg-item-media-holder tg-light\"><div class=\"tg-item-media-inner\"><div class=\"tg-item-image\" style=\"background-image: url(https:\/\/atlasbarz.ca\/wp-content\/uploads\/2018\/09\/module-enfant-atlasbarz-1000x750.jpg)\"><\/div><\/div><a class=\"tg-item-link\" href=\"https:\/\/atlasbarz.ca\/en\/classe-de-mise-en-forme-en-plein-air-ecole-du-boise-sept-iles\/\" target=\"_self\"><\/a><\/div><div class=\"tg-item-content tg-light\"><div class=\"tg-item-overlay\"><\/div><h2 class=\"tg-item-title\"><a href=\"https:\/\/atlasbarz.ca\/en\/classe-de-mise-en-forme-en-plein-air-ecole-du-boise-sept-iles\/\" target=\"_self\">Outdoor Fitness Class &#8211; \u00c9cole du Bois\u00e9, Sept-\u00celes<\/a><\/h2><\/div><\/div><\/article><!-- The Grid item #2 --><article class=\"tg-item tg-post-3468 caracas\" data-row=\"1\" data-col=\"1\"><div class=\"tg-item-inner\"><div class=\"tg-item-media-holder tg-light\"><div class=\"tg-item-media-inner\"><div class=\"tg-item-image\" style=\"background-image: url(https:\/\/atlasbarz.ca\/wp-content\/uploads\/2016\/11\/corde-a-grimper.jpg)\"><\/div><\/div><a class=\"tg-item-link\" href=\"https:\/\/atlasbarz.ca\/en\/entrainement-urbain-saint-hyacinthe\/\" target=\"_self\"><\/a><\/div><div class=\"tg-item-content tg-light\"><div class=\"tg-item-overlay\"><\/div><h2 class=\"tg-item-title\"><a href=\"https:\/\/atlasbarz.ca\/en\/entrainement-urbain-saint-hyacinthe\/\" target=\"_self\">Urban Workout &#8211; Saint-Hyacinthe<\/a><\/h2><\/div><\/div><\/article><!-- The Grid item #3 --><article class=\"tg-item tg-post-11394 caracas\" data-row=\"1\" data-col=\"1\"><div class=\"tg-item-inner\"><div class=\"tg-item-media-holder tg-light\"><div class=\"tg-item-media-inner\"><div class=\"tg-item-image\" style=\"background-image: url(https:\/\/atlasbarz.ca\/wp-content\/uploads\/2020\/11\/barres-paralleles-ext\u00e9rieures-1000x750-1.jpg)\"><\/div><\/div><a class=\"tg-item-link\" href=\"https:\/\/atlasbarz.ca\/en\/realisations\/gym-exterieur-noyan\/\" target=\"_self\"><\/a><\/div><div class=\"tg-item-content tg-light\"><div class=\"tg-item-overlay\"><\/div><h2 class=\"tg-item-title\"><a href=\"https:\/\/atlasbarz.ca\/en\/realisations\/gym-exterieur-noyan\/\" target=\"_self\">Outdoor gym, Noyan<\/a><\/h2><\/div><\/div><\/article><!-- The Grid item #4 --><article class=\"tg-item tg-post-7531 caracas\" data-row=\"1\" data-col=\"1\"><div class=\"tg-item-inner\"><div class=\"tg-item-media-holder tg-light\"><div class=\"tg-item-media-inner\"><div class=\"tg-item-image\" style=\"background-image: url(https:\/\/atlasbarz.ca\/wp-content\/uploads\/2019\/01\/Exercices-banc-de-parc-multifonction-atlasbarz.jpg)\"><\/div><\/div><a class=\"tg-item-link\" href=\"https:\/\/atlasbarz.ca\/en\/entrainement-accessible-saint-amable\/\" target=\"_self\"><\/a><\/div><div class=\"tg-item-content tg-light\"><div class=\"tg-item-overlay\"><\/div><h2 class=\"tg-item-title\"><a href=\"https:\/\/atlasbarz.ca\/en\/entrainement-accessible-saint-amable\/\" target=\"_self\">Accessible Outdoor Fitness &#8211; Saint-Amable<\/a><\/h2><\/div><\/div><\/article><!-- The Grid item #5 --><article class=\"tg-item tg-post-11376 caracas\" data-row=\"1\" data-col=\"1\"><div class=\"tg-item-inner\"><div class=\"tg-item-media-holder tg-light\"><div class=\"tg-item-media-inner\"><div class=\"tg-item-image\" style=\"background-image: url(https:\/\/atlasbarz.ca\/wp-content\/uploads\/2020\/09\/Support-accessible-panneau-bande-elastique.jpg)\"><\/div><\/div><a class=\"tg-item-link\" href=\"https:\/\/atlasbarz.ca\/en\/realisations\/circuit-dentrainement-en-plein-air-degelis\/\" target=\"_self\"><\/a><\/div><div class=\"tg-item-content tg-light\"><div class=\"tg-item-overlay\"><\/div><h2 class=\"tg-item-title\"><a href=\"https:\/\/atlasbarz.ca\/en\/realisations\/circuit-dentrainement-en-plein-air-degelis\/\" target=\"_self\">Outdoor fitness trail, D\u00e9gelis<\/a><\/h2><\/div><\/div><\/article><!-- The Grid item #6 --><article class=\"tg-item tg-post-11379 caracas\" data-row=\"1\" data-col=\"1\"><div class=\"tg-item-inner\"><div class=\"tg-item-media-holder tg-light\"><div class=\"tg-item-media-inner\"><div class=\"tg-item-image\" style=\"background-image: url(https:\/\/atlasbarz.ca\/wp-content\/uploads\/2020\/11\/Pull-up-bar-atlasbarz-1000x750-1.jpg)\"><\/div><\/div><a class=\"tg-item-link\" href=\"https:\/\/atlasbarz.ca\/en\/realisations\/modules-de-cours-deducation-physique-ecole-saint-jean-baptiste\/\" target=\"_self\"><\/a><\/div><div class=\"tg-item-content tg-light\"><div class=\"tg-item-overlay\"><\/div><h2 class=\"tg-item-title\"><a href=\"https:\/\/atlasbarz.ca\/en\/realisations\/modules-de-cours-deducation-physique-ecole-saint-jean-baptiste\/\" target=\"_self\">Physical Education Station, Saint-Jean-Baptiste School<\/a><\/h2><\/div><\/div><\/article><!-- The Grid item #7 --><article class=\"tg-item tg-post-10847 caracas\" data-row=\"1\" data-col=\"1\"><div class=\"tg-item-inner\"><div class=\"tg-item-media-holder tg-light\"><div class=\"tg-item-media-inner\"><div class=\"tg-item-image\" style=\"background-image: url(https:\/\/atlasbarz.ca\/wp-content\/uploads\/2020\/11\/Pyramide-atlasbarz-exercice-1000x750-1.jpg)\"><\/div><\/div><a class=\"tg-item-link\" href=\"https:\/\/atlasbarz.ca\/en\/realisations\/parcours-actif-roxton-pond\/\" target=\"_self\"><\/a><\/div><div class=\"tg-item-content tg-light\"><div class=\"tg-item-overlay\"><\/div><h2 class=\"tg-item-title\"><a href=\"https:\/\/atlasbarz.ca\/en\/realisations\/parcours-actif-roxton-pond\/\" target=\"_self\">Active trail &#8211; Roxton Pond<\/a><\/h2><\/div><\/div><\/article><!-- The Grid item #8 --><article class=\"tg-item tg-post-6239 caracas\" data-row=\"1\" data-col=\"1\"><div class=\"tg-item-inner\"><div class=\"tg-item-media-holder tg-light\"><div class=\"tg-item-media-inner\"><div class=\"tg-item-image\" style=\"background-image: url(https:\/\/atlasbarz.ca\/wp-content\/uploads\/2019\/05\/banc-multifonction-ladurantaye-atlasbarz-1000x750.jpg)\"><\/div><\/div><a class=\"tg-item-link\" href=\"https:\/\/atlasbarz.ca\/en\/mobilier-urbain-novateur-durantaye\/\" target=\"_self\"><\/a><\/div><div class=\"tg-item-content tg-light\"><div class=\"tg-item-overlay\"><\/div><h2 class=\"tg-item-title\"><a href=\"https:\/\/atlasbarz.ca\/en\/mobilier-urbain-novateur-durantaye\/\" target=\"_self\">Innovative Urban Furniture &#8211; La Durantaye<\/a><\/h2><\/div><\/div><\/article><!-- The Grid item #9 --><article class=\"tg-item tg-post-10867 caracas\" data-row=\"1\" data-col=\"1\"><div class=\"tg-item-inner\"><div class=\"tg-item-media-holder tg-light\"><div class=\"tg-item-media-inner\"><div class=\"tg-item-image\" style=\"background-image: url(https:\/\/atlasbarz.ca\/wp-content\/uploads\/2020\/07\/modulez-abz-02.jpg)\"><\/div><\/div><a class=\"tg-item-link\" href=\"https:\/\/atlasbarz.ca\/en\/realisations\/loisirs-en-plein-air-saint-urbain-premier\/\" target=\"_self\"><\/a><\/div><div class=\"tg-item-content tg-light\"><div class=\"tg-item-overlay\"><\/div><h2 class=\"tg-item-title\"><a href=\"https:\/\/atlasbarz.ca\/en\/realisations\/loisirs-en-plein-air-saint-urbain-premier\/\" target=\"_self\">Outdoor recreation &#8211; Saint-Urbain-Premier<\/a><\/h2><\/div><\/div><\/article><!-- The Grid item #10 --><article class=\"tg-item tg-post-6312 caracas\" data-row=\"1\" data-col=\"1\"><div class=\"tg-item-inner\"><div class=\"tg-item-media-holder tg-light\"><div class=\"tg-item-media-inner\"><div class=\"tg-item-image\" style=\"background-image: url(https:\/\/atlasbarz.ca\/wp-content\/uploads\/2017\/11\/Chambly-atlasbarz-entrainement-urbain-5.jpg)\"><\/div><\/div><a class=\"tg-item-link\" href=\"https:\/\/atlasbarz.ca\/en\/entrainement-urbain-chambly\/\" target=\"_self\"><\/a><\/div><div class=\"tg-item-content tg-light\"><div class=\"tg-item-overlay\"><\/div><h2 class=\"tg-item-title\"><a href=\"https:\/\/atlasbarz.ca\/en\/entrainement-urbain-chambly\/\" target=\"_self\">Urban Workout &#8211; Chambly<\/a><\/h2><\/div><\/div><\/article><!-- The Grid item #11 --><article class=\"tg-item tg-post-6149 caracas\" data-row=\"1\" data-col=\"1\"><div class=\"tg-item-inner\"><div class=\"tg-item-media-holder tg-light\"><div class=\"tg-item-media-inner\"><div class=\"tg-item-image\" style=\"background-image: url(https:\/\/atlasbarz.ca\/wp-content\/uploads\/2017\/10\/poutre-equilibre-ain\u00e9-atlasbarz.jpg)\"><\/div><\/div><a class=\"tg-item-link\" href=\"https:\/\/atlasbarz.ca\/en\/exerciseurs-aines-danville-qc\/\" target=\"_self\"><\/a><\/div><div class=\"tg-item-content tg-light\"><div class=\"tg-item-overlay\"><\/div><h2 class=\"tg-item-title\"><a href=\"https:\/\/atlasbarz.ca\/en\/exerciseurs-aines-danville-qc\/\" target=\"_self\">Exercisers for Seniors &#8211; Danville<\/a><\/h2><\/div><\/div><\/article><!-- The Grid item #12 --><article class=\"tg-item tg-post-11370 caracas\" data-row=\"1\" data-col=\"1\"><div class=\"tg-item-inner\"><div class=\"tg-item-media-holder tg-light\"><div class=\"tg-item-media-inner\"><div class=\"tg-item-image\" style=\"background-image: url(https:\/\/atlasbarz.ca\/wp-content\/uploads\/2020\/11\/1-Panneau-bienvenue-AtlasBarz-1000x750-2.jpg)\"><\/div><\/div><a class=\"tg-item-link\" href=\"https:\/\/atlasbarz.ca\/en\/realisations\/parcours-dentrainement-bilingue-saint-armand\/\" target=\"_self\"><\/a><\/div><div class=\"tg-item-content tg-light\"><div class=\"tg-item-overlay\"><\/div><h2 class=\"tg-item-title\"><a href=\"https:\/\/atlasbarz.ca\/en\/realisations\/parcours-dentrainement-bilingue-saint-armand\/\" target=\"_self\">Bilingual training course, Saint-Armand<\/a><\/h2><\/div><\/div><\/article><\/div><\/div><!-- The Grid Slider Wrapper End --><!-- The Grid Area Bottom 2 --><div class=\"tg-grid-area-bottom2\"><div class=\"tg-left-arrow tg-nav-color tg-nav-font\"><i class=\"tg-icon-left-arrow tg-nav-color tg-nav-border tg-nav-font\"><\/i><\/div><!-- The Grid Slider Bullets --><div class=\"tg-slider-bullets-holder\"><div class=\"tg-slider-bullets\"><\/div><\/div><div class=\"tg-right-arrow tg-nav-color tg-nav-font\"><i class=\"tg-icon-right-arrow tg-nav-color tg-nav-border tg-nav-font\"><\/i><\/div><\/div><\/div><!-- The Grid Wrapper End -->\n<\/div><\/div><div class=\"wpb_column col-md-2 have-padding\"><\/div><\/div><\/section>\n","protected":false},"excerpt":{"rendered":"Bilingual training course, Saint-Armand Discover a bilingual training course on the shores of majestic Lake Champlain ZoomZoomZoomZoomInstallation in 2020 of multifunction benches, exercise benches, parallel bars with neutral grips, pull-up bars, inclined accessible support and training hurdlesInstallation of a stretching and yoga space composed of our multifunction bench and relaxation \/ yoga bench.Exercising by the","protected":false},"author":1,"featured_media":11901,"parent":6430,"menu_order":0,"comment_status":"closed","ping_status":"closed","template":"","meta":{"footnotes":""},"class_list":["post-11889","page","type-page","status-publish","has-post-thumbnail","hentry"],"_links":{"self":[{"href":"https:\/\/atlasbarz.ca\/en\/wp-json\/wp\/v2\/pages\/11889","targetHints":{"allow":["GET"]}}],"collection":[{"href":"https:\/\/atlasbarz.ca\/en\/wp-json\/wp\/v2\/pages"}],"about":[{"href":"https:\/\/atlasbarz.ca\/en\/wp-json\/wp\/v2\/types\/page"}],"author":[{"embeddable":true,"href":"https:\/\/atlasbarz.ca\/en\/wp-json\/wp\/v2\/users\/1"}],"replies":[{"embeddable":true,"href":"https:\/\/atlasbarz.ca\/en\/wp-json\/wp\/v2\/comments?post=11889"}],"version-history":[{"count":13,"href":"https:\/\/atlasbarz.ca\/en\/wp-json\/wp\/v2\/pages\/11889\/revisions"}],"predecessor-version":[{"id":11911,"href":"https:\/\/atlasbarz.ca\/en\/wp-json\/wp\/v2\/pages\/11889\/revisions\/11911"}],"up":[{"embeddable":true,"href":"https:\/\/atlasbarz.ca\/en\/wp-json\/wp\/v2\/pages\/6430"}],"wp:featuredmedia":[{"embeddable":true,"href":"https:\/\/atlasbarz.ca\/en\/wp-json\/wp\/v2\/media\/11901"}],"wp:attachment":[{"href":"https:\/\/atlasbarz.ca\/en\/wp-json\/wp\/v2\/media?parent=11889"}],"curies":[{"name":"wp","href":"https:\/\/api.w.org\/{rel}","templated":true}]}}