{"id":11275,"date":"2020-11-09T16:59:24","date_gmt":"2020-11-09T21:59:24","guid":{"rendered":"https:\/\/atlasbarz.ca\/?page_id=11275"},"modified":"2020-12-05T16:28:22","modified_gmt":"2020-12-05T21:28:22","slug":"parcours-actif-pour-aines","status":"publish","type":"page","link":"https:\/\/atlasbarz.ca\/en\/parcours-actif-pour-aines\/","title":{"rendered":"Outdoor Fitness Solutions for Seniors"},"content":{"rendered":"<section  class=\"section margin_t_60\"><div class=\"row vc_row-fluid\"><div class=\"wpb_column col-md-12 align-center wow fadeIn have-padding\"><div  class=\"align-center\"><h2 class=\"margin_b_0\">Are you looking for a supplier for your seniors&#039; fitness trail ?<\/h2><\/div><\/div><\/div><\/section><section  class=\"section padding_t_40\"><div class=\"row vc_row-fluid\"><div class=\"wpb_column col-md-12 wow fadeInUp have-padding\"><div class=\"section-text text-block word-wrap-break custom-font-text-1776285842-338182146 \"  data-when=\"enter\" data-from=\"0\" data-to=\"0\" data-opacity=\"0\"><h3 style=\"text-align: center\"><strong>We have what you need !<\/strong><\/h3>\n<p style=\"text-align: center\">We design adapted and stimulating fitness stations for our seniors.<br \/>\nAll our equipment is manufactured locally in Quebec.<br \/>\nTake advantage of our expertise to develop your fitness project and together let&#8217;s move your community!<\/p>\n<p>&nbsp;<\/p>\n<h3 style=\"text-align: center\">Our most popular exercise stations<\/h3>\n<\/div><\/div><\/div><\/section><section  class=\"section products padding_t_40\"><div class=\"row vc_row-fluid\"><div class=\"wpb_column col-md-4 wow slideInLeft have-padding\" data-wow-delay=\"0.25s\"><a href=\"https:\/\/atlasbarz.ca\/pyramide-exerciseur-pour-aines\/\" title=\"Pyramide \u2013 Exerciseur pour a\u00een\u00e9s\"><img decoding=\"async\"  class=\"\" style=\"margin-bottom:10px;\" src=\"https:\/\/atlasbarz.ca\/wp-content\/uploads\/2017\/10\/pyramide.jpg\"  alt=\"pyramide Outdoor Fitness Solutions for Seniors\"  title=\"Outdoor Fitness Solutions for Seniors\" \/><\/a><div class=\"section-text text-block word-wrap-break custom-font-text-1776285842-1192577315 \"  data-when=\"enter\" data-from=\"0\" data-to=\"0\" data-opacity=\"0\"><h4 style=\"text-align: center\"><a href=\"https:\/\/atlasbarz.ca\/pyramide-exerciseur-pour-aines\/\">Fitness Pyramid<\/a><\/h4>\n<\/div><\/div><div class=\"wpb_column col-md-4 wow fadeIn have-padding\" data-wow-delay=\"0.25s\"><a href=\"https:\/\/atlasbarz.ca\/poutre-dequilibre-station-dentrainement-pour-aines\/\" title=\"Poutre d\u2019\u00e9quilibre \u2013 Station d\u2019entra\u00eenement pour a\u00een\u00e9s\"><img decoding=\"async\"  class=\"\" style=\"margin-bottom:10px;\" src=\"https:\/\/atlasbarz.ca\/wp-content\/uploads\/2016\/08\/poutre-equilibre-ain\u00e9-atlasbarz.jpg\"  alt=\"poutre equilibre ain\u00e9 atlasbarz Outdoor Fitness Solutions for Seniors\"  title=\"Outdoor Fitness Solutions for Seniors\" \/><\/a><div class=\"section-text text-block word-wrap-break custom-font-text-1776285842-1718471768 \"  data-when=\"enter\" data-from=\"0\" data-to=\"0\" data-opacity=\"0\"><h4 style=\"text-align: center\"><a href=\"https:\/\/atlasbarz.ca\/poutre-dequilibre-station-dentrainement-pour-aines\/\">Balance Beam<\/a><\/h4>\n<\/div><\/div><div class=\"wpb_column col-md-4 wow slideInRight have-padding\" data-wow-delay=\"0.25s\"><a href=\"https:\/\/atlasbarz.ca\/commercial-products\/banc-de-parc\/\"><img decoding=\"async\"  class=\"\" style=\"margin-bottom:10px;\" src=\"https:\/\/atlasbarz.ca\/wp-content\/uploads\/2016\/09\/exercice-sur-banc-de-parc.jpg\"  alt=\"exercice sur banc de parc Outdoor Fitness Solutions for Seniors\"  title=\"Outdoor Fitness Solutions for Seniors\" \/><\/a><div class=\"section-text text-block word-wrap-break custom-font-text-1776285842-133330007 \"  data-when=\"enter\" data-from=\"0\" data-to=\"0\" data-opacity=\"0\"><h4 style=\"text-align: center\"><a href=\"https:\/\/atlasbarz.ca\/commercial-products\/banc-de-parc\/\">Multifunctional Bench<\/a><\/h4>\n<\/div><\/div><\/div><\/section><section  class=\"section products padding_t_40\"><div class=\"row vc_row-fluid\"><div class=\"wpb_column col-md-4 wow slideInLeft have-padding\" data-wow-delay=\"0.5s\"><a href=\"https:\/\/atlasbarz.ca\/module-intergenerationnel-abzintergen-01\/\"><img decoding=\"async\"  class=\"\" style=\"margin-bottom:10px;\" src=\"https:\/\/atlasbarz.ca\/wp-content\/uploads\/app\/Parcs\/Roxton-Pond\/roxton-pond-atlasbarz-entrainement.jpg\"  alt=\"roxton pond atlasbarz entrainement Outdoor Fitness Solutions for Seniors\"  title=\"Outdoor Fitness Solutions for Seniors\" \/><\/a><div class=\"section-text text-block word-wrap-break custom-font-text-1776285842-179251762 \"  data-when=\"enter\" data-from=\"0\" data-to=\"0\" data-opacity=\"0\"><h4 style=\"text-align: center\"><a href=\"https:\/\/atlasbarz.ca\/module-intergenerationnel-abzintergen-01\/\">Intergenerational Module<\/a><\/h4>\n<\/div><\/div><div class=\"wpb_column col-md-4 wow fadeIn have-padding\" data-wow-delay=\"0.5s\"><a href=\"https:\/\/atlasbarz.ca\/banc-dexercice-exterieur\/\"><img decoding=\"async\"  class=\"\" style=\"margin-bottom:10px;\" src=\"https:\/\/atlasbarz.ca\/wp-content\/uploads\/2018\/07\/10-res.jpg\"  alt=\"10 res Outdoor Fitness Solutions for Seniors\"  title=\"Outdoor Fitness Solutions for Seniors\" \/><\/a><div class=\"section-text text-block word-wrap-break custom-font-text-1776285842-1239085279 \"  data-when=\"enter\" data-from=\"0\" data-to=\"0\" data-opacity=\"0\"><h4 style=\"text-align: center\"><a href=\"https:\/\/atlasbarz.ca\/banc-dexercice-exterieur\/\">Workout Bench<\/a><\/h4>\n<\/div><\/div><div class=\"wpb_column col-md-4 wow slideInRight have-padding\" data-wow-delay=\"0.5s\"><a href=\"https:\/\/atlasbarz.ca\/exerciseur-accessible\/\"><img decoding=\"async\"  class=\"\" style=\"margin-bottom:10px;\" src=\"https:\/\/atlasbarz.ca\/wp-content\/uploads\/2017\/11\/Chambly-atlasbarz-entrainement-urbain-2.jpg\"  alt=\"Chambly atlasbarz entrainement urbain 2 Outdoor Fitness Solutions for Seniors\"  title=\"Outdoor Fitness Solutions for Seniors\" \/><\/a><div class=\"section-text text-block word-wrap-break custom-font-text-1776285842-797291884 \"  data-when=\"enter\" data-from=\"0\" data-to=\"0\" data-opacity=\"0\"><h4 style=\"text-align: center\"><a href=\"https:\/\/atlasbarz.ca\/exerciseur-accessible\/\">Accessbility Support<\/a><\/h4>\n<\/div><\/div><\/div><\/section><section  class=\"section full-width margin_t_40 color-light  vc_custom_1604976795396\"><div class=\"container\"><div class=\"row vc_row-fluid\"><div class=\"wpb_column col-md-12 wow fadeIn have-padding\"><div class=\"section-text text-block word-wrap-break custom-font-text-1776285842-116539710 \"  data-when=\"enter\" data-from=\"0\" data-to=\"0\" data-opacity=\"0\"><h4 style=\"text-align: center\"><span style=\"color: #ffffff\">Selon <a style=\"color: #ffffff\" href=\"https:\/\/www.phac-aspc.gc.ca\/seniors-aines\/publications\/public\/injury-blessure\/seniors_falls-chutes_aines\/assets\/pdf\/seniors_falls-chutes_aines-fra.pdf\" target=\"_blank\" rel=\"noopener noreferrer\">The Public Health Agency of Canada<\/a> Falls are the leading cause of injury hospitalization for seniors, and every year one in three seniors falls.<\/span><\/h4>\n<\/div><\/div><\/div><\/div><\/section><section  class=\"section padding_t_40\"><div class=\"row vc_row-fluid\"><div class=\"wpb_column col-md-12 align-center wow fadeInDown have-padding\"><div class=\"section-text text-block word-wrap-break custom-font-text-1776285842-2093966895 \"  data-when=\"enter\" data-from=\"0\" data-to=\"0\" data-opacity=\"0\"><h3>Why are these modules suitable for our seniors?<\/h3>\n<\/div><div class=\"section-text text-block word-wrap-break custom-font-text-1776285842-914440062 align-center\"  data-when=\"enter\" data-from=\"0\" data-to=\"0\" data-opacity=\"0\"><p style=\"text-align: center\">Discover some advantages of selecting our equipment for your fitness trail.<\/p>\n<\/div><\/div><\/div><\/section><section  class=\"section padding_t_40\"><div class=\"row vc_row-fluid\"><div class=\"wpb_column col-md-6 align-center wow fadeInLeft no-padding  vc_custom_1604962898489\" data-wow-delay=\"0.5s\"><ul  class=\"accordions toggles\"><li class=\"accordion\"><div class=\"accordion-header\"><div class=\"accordion-icon\"><\/div><h6>Muscle strengthening and balance to prevent falls<\/h6><\/div><div class=\"accordion-content\"><p>Our specialized equipment for seniors allows you to perform a multitude of exercises and movements involving the legs and abdominals.<br \/>\nIt has been shown that paying special attention to these muscle groups helps prevent falls in seniors.<br \/>\nFor example, a study from <a href=\"http:\/\/bjsm.bmj.com\/content\/early\/2016\/01\/20\/bjsports-2015-095452.short?rss=1\" target=\"_blank\" rel=\"noopener noreferrer\">British Journal of Sport Medecine<\/a> shows that <strong>exercise on steps reduces the risk of falls by up to 50% in our seniors<\/strong>.<\/p>\n<\/div><\/li><\/ul><ul  class=\"accordions toggles\"><li class=\"accordion\"><div class=\"accordion-header\"><div class=\"accordion-icon\"><\/div><h6>Inclusive and accessible for all<\/h6><\/div><div class=\"accordion-content\"><p>For young and older, for users with reduced mobility or in wheelchairs, we have training solutions for everyone!<\/p>\n<\/div><\/li><\/ul><ul  class=\"accordions toggles\"><li class=\"accordion\"><div class=\"accordion-header\"><div class=\"accordion-icon\"><\/div><h6>Functional exercises and variations in difficulty depending on the user<\/h6><\/div><div class=\"accordion-content\"><p>All the exercises to be performed on our equipment only require the user&#8217;s body weight and each station allows for a multitude of exercises. So, whether you are looking for a beginner, intermediate or advanced level of difficulty, it is possible to carry out a training according to your needs.<\/p>\n<\/div><\/li><\/ul><ul  class=\"accordions toggles\"><li class=\"accordion\"><div class=\"accordion-header\"><div class=\"accordion-icon\"><\/div><h6>Fixed, safe and maintenance-free equipment<\/h6><\/div><div class=\"accordion-content\"><p>Unlike mobile equipment, our senior exercisers are fixed (static).<br \/>\nTo learn more about the difference between fixed and mobile equipment, we invite you to read our article on this subject:<\/p>\n<p><a href=\"https:\/\/atlasbarz.ca\/equipement-fixe-vs-mobile\/\" target=\"_blank\" rel=\"noopener noreferrer\">Static training equipment or dynamic exercise equipment (mobile)?<\/a><\/p>\n<\/div><\/li><\/ul><\/div><div class=\"wpb_column col-md-6 wow fadeInRight have-padding\" data-wow-delay=\"0.5s\">\n\t\t\t<!-- START T\u00e9moignage danville REVOLUTION SLIDER 6.5.11 --><p class=\"rs-p-wp-fix\"><\/p>\n\t\t\t<rs-module-wrap id=\"rev_slider_27_1_wrapper\" data-source=\"gallery\" style=\"visibility:hidden;background:transparent;padding:0;margin:0px auto;margin-top:0;margin-bottom:0;max-width:;\">\n\t\t\t\t<rs-module id=\"rev_slider_27_1\" style=\"\" data-version=\"6.5.11\">\n\t\t\t\t\t<rs-slides>\n\t\t\t\t\t\t<rs-slide style=\"position: absolute;\" data-key=\"rs-60\" data-title=\"Slide\" data-in=\"o:1;\" data-out=\"o:1;\">\n\t\t\t\t\t\t\t<img decoding=\"async\" src=\"\/\/atlasbarz.ca\/wp-content\/plugins\/revslider\/public\/assets\/assets\/dummy.png\" title=\"Outdoor Fitness Solutions for Seniors\" class=\"rev-slidebg tp-rs-img rs-lazyload\" data-lazyload=\"\/\/atlasbarz.ca\/wp-content\/uploads\/2016\/06\/Background-video2.png\" data-parallax=\"off\" data-no-reti alt=\"dummy Outdoor Fitness Solutions for Seniors\" \/>\n<!--\n\t\t\t\t\t\t\t--><rs-layer\n\t\t\t\t\t\t\t\tid=\"slider-27-slide-60-layer-13\" \n\t\t\t\t\t\t\t\tclass=\"rs-layer-video intrinsic-ignore\"\n\t\t\t\t\t\t\t\tdata-type=\"video\"\n\t\t\t\t\t\t\t\tdata-rsp_ch=\"on\"\n\t\t\t\t\t\t\t\tdata-xy=\"x:c;y:m;\"\n\t\t\t\t\t\t\t\tdata-text=\"l:22;a:inherit;\"\n\t\t\t\t\t\t\t\tdata-dim=\"w:1280px;h:720px;\"\n\t\t\t\t\t\t\t\tdata-video=\"ap:false;v:100;vd:100;rwd:f;l:none;ptimer:true;nse:f;sav:f;inl:f;\"\n\t\t\t\t\t\t\t\tdata-ytid=\"qqWAeaZG_FA\"\n\t\t\t\t\t\t\t\tdata-vatr=\"version=3&amp;enablejsapi=1&amp;html5=1&amp;volume=100&amp;hd=1&amp;wmode=opaque&amp;showinfo=0&amp;rel=0&amp;origin=https:\/\/atlasbarz.ca;\"\n\t\t\t\t\t\t\t\tdata-frame_0=\"tp:600;\"\n\t\t\t\t\t\t\t\tdata-frame_1=\"tp:600;st:0;\"\n\t\t\t\t\t\t\t\tdata-frame_999=\"o:0;tp:600;st:w;sR:8700;\"\n\t\t\t\t\t\t\t\tstyle=\"z-index:5;\"\n\t\t\t\t\t\t\t>\n\t\t\t\t\t\t\t<\/rs-layer><!--\n-->\t\t\t\t\t\t<\/rs-slide>\n\t\t\t\t\t<\/rs-slides>\n\t\t\t\t<\/rs-module>\n\t\t\t\t<script type=\"text\/javascript\">\n\t\t\t\t\tsetREVStartSize({c: 'rev_slider_27_1',rl:[1240,1024,778,480],el:[],gw:[1280,1280,800,1280],gh:[720,720,480,720],type:'hero',justify:'',layout:'fullwidth',mh:\"325\"});if (window.RS_MODULES!==undefined && window.RS_MODULES.modules!==undefined && window.RS_MODULES.modules[\"revslider271\"]!==undefined) {window.RS_MODULES.modules[\"revslider271\"].once = false;window.revapi27 = undefined;if (window.RS_MODULES.checkMinimal!==undefined) window.RS_MODULES.checkMinimal()}\n\t\t\t\t<\/script>\n\t\t\t\t<script src=\"https:\/\/www.youtube.com\/iframe_api\"><\/script>\n\t\t\t<\/rs-module-wrap>\n\t\t\t<!-- END REVOLUTION SLIDER -->\n<div class=\"section-text text-block word-wrap-break custom-font-text-1776285842-1678500427 \"  data-when=\"enter\" data-from=\"0\" data-to=\"0\" data-opacity=\"0\"><h5 style=\"text-align: center\">Testimonial from a municipality satisfied with their new fitness trail for seniors<\/h5>\n<\/div><\/div><\/div><\/section><section  class=\"section padding_t_40\"><div class=\"row vc_row-fluid\"><div class=\"wpb_column col-md-12 align-center have-padding\"><div class=\"section-text text-block word-wrap-break custom-font-text-1776285842-140045212 \"  data-when=\"enter\" data-from=\"0\" data-to=\"0\" data-opacity=\"0\"><h3>Would you like to know more? Contact us!<\/h3>\n<\/div><\/div><\/div><\/section><section  class=\"section padding_t_40 padding_b_60\"><div class=\"row vc_row-fluid\"><div class=\"wpb_column col-md-6 align-center wow fadeIn have-padding\"><img decoding=\"async\"  class=\"\"  src=\"https:\/\/atlasbarz.ca\/wp-content\/uploads\/2017\/10\/banc-multi-communaut\u00e9.jpg\"  alt=\"banc multi communaut\u00e9 Outdoor Fitness Solutions for Seniors\"  title=\"Outdoor Fitness Solutions for Seniors\" \/><\/div><div class=\"wpb_column col-md-6 have-padding\"><div class=\"section-text text-block word-wrap-break custom-font-text-1776285842-582984070 \"  data-when=\"enter\" data-from=\"0\" data-to=\"0\" data-opacity=\"0\"><p>Contact us now and we will be happy to advise you on your active outdoor trail project for seniors!<\/p>\n<p>Whether it is for fundraising, the design of a tailor-made fitness trail or a price request, our team is always available.<br \/>\nBe assured of a response within the next few hours!<\/p>\n<\/div><div  class=\"rs-contact-form\"><div role=\"form\" class=\"wpcf7\" id=\"wpcf7-f11441-o1\" lang=\"en-US\" dir=\"ltr\">\n<div class=\"screen-reader-response\"><p role=\"status\" aria-live=\"polite\" aria-atomic=\"true\"><\/p> <ul><\/ul><\/div>\n<form action=\"\/en\/wp-json\/wp\/v2\/pages\/11275#wpcf7-f11441-o1\" method=\"post\" class=\"wpcf7-form init\" novalidate=\"novalidate\" data-status=\"init\">\n<div style=\"display: none;\">\n<input type=\"hidden\" name=\"_wpcf7\" value=\"11441\" \/>\n<input type=\"hidden\" name=\"_wpcf7_version\" value=\"5.3.2\" \/>\n<input type=\"hidden\" name=\"_wpcf7_locale\" value=\"en_US\" \/>\n<input type=\"hidden\" name=\"_wpcf7_unit_tag\" value=\"wpcf7-f11441-o1\" \/>\n<input type=\"hidden\" name=\"_wpcf7_container_post\" value=\"0\" \/>\n<input type=\"hidden\" name=\"_wpcf7_posted_data_hash\" value=\"\" \/>\n<input type=\"hidden\" name=\"_wpcf7_recaptcha_response\" value=\"\" \/>\n<\/div>\n<div class=\"row\">\n<div class=\"col-sm-12 input-container\"><i class=\"fa fa-user\"><\/i><span class=\"wpcf7-form-control-wrap your-name\"><input type=\"text\" name=\"your-name\" value=\"\" size=\"40\" class=\"wpcf7-form-control wpcf7-text wpcf7-validates-as-required\" aria-required=\"true\" aria-invalid=\"false\" placeholder=\"Nom\" \/><\/span><\/div>\n<div class=\"col-sm-12 input-container\"><i class=\"fa fa-at\"><\/i><span class=\"wpcf7-form-control-wrap your-email\"><input type=\"email\" name=\"your-email\" value=\"\" size=\"40\" class=\"wpcf7-form-control wpcf7-text wpcf7-email wpcf7-validates-as-required wpcf7-validates-as-email\" aria-required=\"true\" aria-invalid=\"false\" placeholder=\"Courriel\" \/><\/span><\/div>\n<div class=\"col-sm-12 input-container\"><i class=\"fa fa-phone\"><\/i><span class=\"wpcf7-form-control-wrap your-tel\"><input type=\"tel\" name=\"your-tel\" value=\"\" size=\"40\" class=\"wpcf7-form-control wpcf7-text wpcf7-tel wpcf7-validates-as-required wpcf7-validates-as-tel\" aria-required=\"true\" aria-invalid=\"false\" placeholder=\"T\u00e9l\u00e9phone\" \/><\/span><\/div>\n<div class=\"col-sm-12 input-container\"><i class=\"fa fa-envelope\"><\/i><span class=\"wpcf7-form-control-wrap your-message\"><textarea name=\"your-message\" cols=\"40\" rows=\"5\" class=\"wpcf7-form-control wpcf7-textarea\" aria-invalid=\"false\" placeholder=\"Message\"><\/textarea><\/span><\/div>\n<div class=\"col-sm-12\"><input type=\"submit\" value=\"Envoyer\" class=\"wpcf7-form-control wpcf7-submit button color-white abz-bg-blue\" id=\"form-submit\" \/><\/div>\n<\/div>\n<noscript>\n\t\t\t<div class=\"wpcf7-response-output wpcf7-spam-blocked\">Your browser does not support JavaScript!. Please enable javascript in your browser in order to get form work properly.<\/div>\n\t<\/noscript><script type='text\/javascript'>\n\n\t\t\t\t\t\tif(contactform === undefined){\n\t\t\t\t\t\t\tvar contactform = [];\n\t\t\t\t\t\t}\n\t\t\t\t\t\tvar innerVal = [11441,'mail_sent_ok','Votre message a bien &eacute;t&eacute; envoy&eacute;. Merci!'];\n\t\t\t\t\t\tcontactform.push(innerVal);\n\t\t\t\t\t\tvar innerVal = [11441,'mail_sent_ng','Envoi du message &eacute;chou&eacute;. Veuillez essayer plus tard.'];\n\t\t\t\t\t\tcontactform.push(innerVal);\n\t\t\t\t\t\tvar innerVal = [11441,'validation_error','Veuillez revalider les champs du formulaire et l\\'envoyer &agrave; nouveau.'];\n\t\t\t\t\t\tcontactform.push(innerVal);\n\t\t\t\t\t\tvar innerVal = [11441,'spam','Envoi du message &eacute;chou&eacute;. Veuillez essayer plus tard.'];\n\t\t\t\t\t\tcontactform.push(innerVal);\n\t\t\t\t\t\tvar innerVal = [11441,'accept_terms','Veuillez accepter les termes.'];\n\t\t\t\t\t\tcontactform.push(innerVal);\n\t\t\t\t\t\tvar innerVal = [11441,'invalid_required','Veuillez remplir le champ.'];\n\t\t\t\t\t\tcontactform.push(innerVal);\n\t\t\t\t\t\tvar innerVal = [11441,'invalid_too_long','Le contenu du champ est trop long.'];\n\t\t\t\t\t\tcontactform.push(innerVal);\n\t\t\t\t\t\tvar innerVal = [11441,'invalid_too_short','Le contenu du champ est trop court.'];\n\t\t\t\t\t\tcontactform.push(innerVal);\n\t\t\t\t\t\tvar innerVal = [11441,'invalid_date','Date format seems invalid.'];\n\t\t\t\t\t\tcontactform.push(innerVal);\n\t\t\t\t\t\tvar innerVal = [11441,'date_too_early','This date is too early.'];\n\t\t\t\t\t\tcontactform.push(innerVal);\n\t\t\t\t\t\tvar innerVal = [11441,'date_too_late','This date is too late.'];\n\t\t\t\t\t\tcontactform.push(innerVal);\n\t\t\t\t\t\tvar innerVal = [11441,'upload_failed','Failed to upload file.'];\n\t\t\t\t\t\tcontactform.push(innerVal);\n\t\t\t\t\t\tvar innerVal = [11441,'upload_file_type_invalid','This file type is not allowed.'];\n\t\t\t\t\t\tcontactform.push(innerVal);\n\t\t\t\t\t\tvar innerVal = [11441,'upload_file_too_large','This file is too large.'];\n\t\t\t\t\t\tcontactform.push(innerVal);\n\t\t\t\t\t\tvar innerVal = [11441,'upload_failed_php_error','Failed to upload file. Error occurred.'];\n\t\t\t\t\t\tcontactform.push(innerVal);\n\t\t\t\t\t\tvar innerVal = [11441,'invalid_number','Number format seems invalid.'];\n\t\t\t\t\t\tcontactform.push(innerVal);\n\t\t\t\t\t\tvar innerVal = [11441,'number_too_small','This number is too small.'];\n\t\t\t\t\t\tcontactform.push(innerVal);\n\t\t\t\t\t\tvar innerVal = [11441,'number_too_large','This number is too large.'];\n\t\t\t\t\t\tcontactform.push(innerVal);\n\t\t\t\t\t\tvar innerVal = [11441,'quiz_answer_not_correct','Your answer is not correct.'];\n\t\t\t\t\t\tcontactform.push(innerVal);\n\t\t\t\t\t\tvar innerVal = [11441,'invalid_email','Le courriel semble invalide.'];\n\t\t\t\t\t\tcontactform.push(innerVal);\n\t\t\t\t\t\tvar innerVal = [11441,'invalid_url','URL seems invalid.'];\n\t\t\t\t\t\tcontactform.push(innerVal);\n\t\t\t\t\t\tvar innerVal = [11441,'invalid_tel','Le num&eacute;ro de t&eacute;l&eacute;phone utilis&eacute; est invalide.'];\n\t\t\t\t\t\tcontactform.push(innerVal);\n\t\t\t\t\t\tvar innerVal = [11441,'gdpr',''];\n\t\t\t\t\t\tcontactform.push(innerVal);\n\t\t\t\t\t\t<\/script><div class=\"wpcf7-response-output\" aria-hidden=\"true\"><\/div><\/form><\/div><\/div><\/div><\/div><\/section>\n","protected":false},"excerpt":{"rendered":"Are you looking for a supplier for your seniors&#039; fitness trail ?We have what you need ! We design adapted and stimulating fitness stations for our seniors. All our equipment is manufactured locally in Quebec. Take advantage of our expertise to develop your fitness project and together let's move your community! &nbsp; Our most popular","protected":false},"author":1,"featured_media":8368,"parent":0,"menu_order":0,"comment_status":"closed","ping_status":"closed","template":"","meta":{"footnotes":""},"class_list":["post-11275","page","type-page","status-publish","has-post-thumbnail","hentry"],"_links":{"self":[{"href":"https:\/\/atlasbarz.ca\/en\/wp-json\/wp\/v2\/pages\/11275","targetHints":{"allow":["GET"]}}],"collection":[{"href":"https:\/\/atlasbarz.ca\/en\/wp-json\/wp\/v2\/pages"}],"about":[{"href":"https:\/\/atlasbarz.ca\/en\/wp-json\/wp\/v2\/types\/page"}],"author":[{"embeddable":true,"href":"https:\/\/atlasbarz.ca\/en\/wp-json\/wp\/v2\/users\/1"}],"replies":[{"embeddable":true,"href":"https:\/\/atlasbarz.ca\/en\/wp-json\/wp\/v2\/comments?post=11275"}],"version-history":[{"count":75,"href":"https:\/\/atlasbarz.ca\/en\/wp-json\/wp\/v2\/pages\/11275\/revisions"}],"predecessor-version":[{"id":11593,"href":"https:\/\/atlasbarz.ca\/en\/wp-json\/wp\/v2\/pages\/11275\/revisions\/11593"}],"wp:featuredmedia":[{"embeddable":true,"href":"https:\/\/atlasbarz.ca\/en\/wp-json\/wp\/v2\/media\/8368"}],"wp:attachment":[{"href":"https:\/\/atlasbarz.ca\/en\/wp-json\/wp\/v2\/media?parent=11275"}],"curies":[{"name":"wp","href":"https:\/\/api.w.org\/{rel}","templated":true}]}}